{"id":2012,"date":"2019-03-15T13:46:16","date_gmt":"2019-03-15T13:46:16","guid":{"rendered":"http:\/\/srebrolex.pl\/?page_id=2012"},"modified":"2019-03-15T15:03:58","modified_gmt":"2019-03-15T15:03:58","slug":"qualitaetskontrolle","status":"publish","type":"page","link":"https:\/\/srebrolex.pl\/de\/qualitaetskontrolle\/","title":{"rendered":"Qualit\u00e4tskontrolle"},"content":{"rendered":"<div class=\"wpb-content-wrapper\"><p>[vc_row equal_height=&#8220;yes&#8220; type=&#8220;vc_default&#8220; css=&#8220;.vc_custom_1548921558495{margin-right: 0px !important;margin-left: 0px !important;padding-top: 20px !important;padding-right: 5px !important;padding-bottom: 20px !important;padding-left: 5px !important;}&#8220;][vc_column][vc_empty_space height=&#8220;22px&#8220;][vc_column_text]<\/p>\n<h2 style=\"text-align: center;\">Qualit\u00e4tskontrolle<\/h2>\n<p>[\/vc_column_text][\/vc_column][\/vc_row][vc_row content_placement=&#8220;top&#8220; css=&#8220;.vc_custom_1549012564769{padding-top: 20px !important;padding-bottom: 60px !important;}&#8220;][vc_column width=&#8220;1\/3&#8243; css=&#8220;.vc_custom_1548957860628{padding-right: 0px !important;padding-left: 0px !important;}&#8220;][vc_single_image image=&#8220;1269&#8243; img_size=&#8220;85&#215;85&#8243; alignment=&#8220;center&#8220; css_animation=&#8220;fadeIn&#8220; css=&#8220;.vc_custom_1549011275581{padding-top: 10px !important;padding-bottom: 10px !important;}&#8220;][vc_column_text css=&#8220;.vc_custom_1552657656587{padding-top: 0px !important;padding-bottom: 0px !important;}&#8220;]<\/p>\n<p style=\"text-align: center;\"><strong>VISUELLE QUALIT\u00c4TSKONTROLLE<\/strong><\/p>\n<p>[\/vc_column_text][vc_column_text css=&#8220;.vc_custom_1552661879975{padding-top: 10px !important;padding-bottom: 10px !important;}&#8220;]<\/p>\n<p style=\"text-align: center;\">Alle unsere Produkte werden einer Sichtpr\u00fcfung unterzogen.<\/p>\n<p style=\"text-align: center;\">Dabei werden gepr\u00fcft:<br \/>\n-polierte Oberfl\u00e4chen und deren galvanische Beschichtung im Hinblick auf Kratzer oder Besch\u00e4digungen<br \/>\n-Qualit\u00e4t und Quantit\u00e4t der Schmucksteine<br \/>\n-die richtige Funktion von Verschl\u00fcssen oder Befestigungselementen.<\/p>\n<p style=\"text-align: center;\">Damit werden fehlerhafte Produkte eliminiert.<\/p>\n<p>[\/vc_column_text][vc_separator el_width=&#8220;50&#8243;][\/vc_column][vc_column width=&#8220;1\/3&#8243; css=&#8220;.vc_custom_1548957867923{padding-right: 0px !important;padding-left: 0px !important;}&#8220;][vc_single_image image=&#8220;1267&#8243; img_size=&#8220;85&#215;85&#8243; alignment=&#8220;center&#8220; css_animation=&#8220;fadeIn&#8220; css=&#8220;.vc_custom_1549011291075{padding-top: 10px !important;padding-bottom: 10px !important;}&#8220;][vc_column_text css=&#8220;.vc_custom_1552657667119{padding-top: 0px !important;padding-bottom: 0px !important;}&#8220;]<\/p>\n<p style=\"text-align: center;\"><strong>KONTROLLE DER MATERIALREINHEIT<\/strong><\/p>\n<p>[\/vc_column_text][vc_column_text css=&#8220;.vc_custom_1552661950013{padding-top: 10px !important;padding-bottom: 10px !important;}&#8220;]<\/p>\n<p style=\"text-align: center;\">Die Spektralanalyse wird mit Hilfe eines speziellen Messger\u00e4tes von ASKER durchgef\u00fchrt.<\/p>\n<p style=\"text-align: center;\">Dank der Spektrometrie k\u00f6nnen wir uns vergewissern, dass die Produkte die REACH-Verordnung zur Beschr\u00e4nkung des Gehalts an Gefahrstoffen wie Nickel, Cadmium und Blei erf\u00fcllen.<\/p>\n<p>[\/vc_column_text][vc_separator el_width=&#8220;50&#8243;][\/vc_column][vc_column width=&#8220;1\/3&#8243; css=&#8220;.vc_custom_1548957874197{padding-right: 0px !important;padding-left: 0px !important;}&#8220;][vc_single_image image=&#8220;1268&#8243; img_size=&#8220;85&#215;85&#8243; alignment=&#8220;center&#8220; css_animation=&#8220;fadeIn&#8220; css=&#8220;.vc_custom_1549011255274{padding-top: 10px !important;padding-bottom: 10px !important;}&#8220;][vc_column_text css=&#8220;.vc_custom_1552657679014{padding-top: 0px !important;padding-bottom: 0px !important;}&#8220;]<\/p>\n<p style=\"text-align: center;\"><strong>QUALIT\u00c4TSKONTROLLE SERVICE<\/strong><\/p>\n<p>[\/vc_column_text][vc_column_text css=&#8220;.vc_custom_1552661929754{padding-top: 10px !important;padding-bottom: 10px !important;}&#8220;]<\/p>\n<p style=\"text-align: center;\">M\u00f6chten Sie Ihr Produkt pr\u00fcfen?<\/p>\n<p style=\"text-align: center;\">Auf Wunsch unserer Kunden f\u00fchren wir Spektralanalysen der uns anvertrauten Produkte durch.<\/p>\n<p>[\/vc_column_text][vc_separator el_width=&#8220;50&#8243;][\/vc_column][\/vc_row][vc_row full_width=&#8220;stretch_row&#8220; css=&#8220;.vc_custom_1550071466855{margin-top: 0px !important;margin-bottom: -33px !important;padding-top: 0px !important;padding-bottom: 0px !important;background-image: url(http:\/\/srebrolex.pl\/wp-content\/uploads\/2019\/02\/pierscionki-kolczyki-ze-srebra-wysoka-jakosc-srebro-2.jpg?id=1636) !important;background-position: center !important;background-repeat: no-repeat !important;background-size: cover !important;}&#8220;][vc_column][vc_empty_space height=&#8220;42px&#8220;][vc_column_text el_class=&#8220;whitetekst&#8220;]<\/p>\n<h2 style=\"text-align: left;\">M\u00f6chten Sie die elementare Zusammensetzung Ihres Produktes erfahren?<\/h2>\n<p>[\/vc_column_text][vc_column_text el_class=&#8220;whitetekst&#8220; css=&#8220;.vc_custom_1552662014609{padding-top: 30px !important;padding-bottom: 20px !important;}&#8220;]<\/p>\n<h3 style=\"text-align: left;\">Die Untersuchung der Zusammensetzung von Schmuckprodukten erfolgt am Spektrometer Fischerscope 220. Mit der Analyse k\u00f6nnen wir den Gehalt an folgenden Elementen aufweisen: Au, Ag, Cu, Zn, Ni, Pd, Cd, Pt, Sn, Pb, Fe, Cr, Mo, Co, Rh, In, W, Mn, Bi, Ga, Ir, Ru<\/h3>\n<p>[\/vc_column_text]<style type=\"text\/css\" data-type=\"the7_shortcodes-inline-css\">#default-btn-f4057e6402a1e76a6723947f685dc0f5.ico-right-side > i {\n  margin-right: 0px;\n  margin-left: 8px;\n}\n#default-btn-f4057e6402a1e76a6723947f685dc0f5 > i {\n  margin-right: 8px;\n}\n<\/style><a href=\"http:\/\/srebrolex.pl\/de\/kontakt\/\" class=\"default-btn-shortcode dt-btn dt-btn-s link-hover-off btn-inline-left  vc_custom_1552662034563\" id=\"default-btn-f4057e6402a1e76a6723947f685dc0f5\"><span>Kontaktieren Sie uns<\/span><\/a>[vc_empty_space height=&#8220;42px&#8220;][\/vc_column][\/vc_row][vc_row equal_height=&#8220;yes&#8220; content_placement=&#8220;middle&#8220; bg_type=&#8220;bg_color&#8220; bg_override=&#8220;ex-full&#8220; type=&#8220;vc_default&#8220; css=&#8220;.vc_custom_1548960755456{padding-top: 70px !important;padding-right: 10px !important;padding-bottom: 70px !important;padding-left: 10px !important;}&#8220; el_class=&#8220;custom_services&#8220;][vc_column width=&#8220;1\/3&#8243; css=&#8220;.vc_custom_1548960478914{padding-right: 5px !important;padding-left: 5px !important;}&#8220;][vc_single_image image=&#8220;1246&#8243; img_size=&#8220;&#8220; alignment=&#8220;center&#8220; onclick=&#8220;link_image&#8220; css=&#8220;.vc_custom_1550843457550{padding-top: 5px !important;padding-right: 5px !important;padding-bottom: 5px !important;padding-left: 5px !important;}&#8220;][vc_column_text css=&#8220;.vc_custom_1550494321040{margin-top: -5px !important;padding-top: 0px !important;}&#8220; el_class=&#8220;smalltxt&#8220;]foto: \u00a9 Helmut Fischer GmbH[\/vc_column_text][\/vc_column][vc_column width=&#8220;2\/3&#8243; css=&#8220;.vc_custom_1548960303003{padding-right: 10px !important;padding-left: 10px !important;}&#8220;][vc_column_text css=&#8220;.vc_custom_1552662062007{padding-top: 10px !important;padding-bottom: 0px !important;}&#8220;]<\/p>\n<h2 style=\"text-align: left;\">SPEKTROMETER<\/h2>\n<p>[\/vc_column_text][vc_column_text css=&#8220;.vc_custom_1552662072868{padding-top: 0px !important;padding-bottom: 30px !important;}&#8220;]<\/p>\n<h3 style=\"text-align: left;\">Kontrolle der Materialreinheit<\/h3>\n<p>[\/vc_column_text][vc_column_text]Das Fischerscope Spektrometer ist ein Spezialger\u00e4t zur Analyse der elementaren Zusammensetzung von Substanzen. Die Ger\u00e4te dieser Klasse werden in Punzierungs\u00e4mtern in Polen und auf der ganzen Welt eingesetzt. Die Analyse erfolgt auf der Grundlage des registrierten Spektrums.<\/p>\n<p>Die Firma HELMUT FISCHER ist seit \u00fcber 60 Jahren der f\u00fchrende Hersteller von L\u00f6sungen f\u00fcr die Schichtdickenmessung, Zusammensetzungsanalyse, Mikroh\u00e4rte und Materialpr\u00fcfung.<\/p>\n<p>Dank diesem Ger\u00e4t k\u00f6nnen wir sicher sein, dass die Produkte die REACH-Verordnung zur Beschr\u00e4nkung des Gehalts an Gefahrstoffen wie Nickel, Cadmium und Blei erf\u00fcllen.[\/vc_column_text][\/vc_column][\/vc_row]<\/p>\n<\/div>","protected":false},"excerpt":{"rendered":"<p>[vc_row equal_height=&#8220;yes&#8220; type=&#8220;vc_default&#8220; css=&#8220;.vc_custom_1548921558495{margin-right: 0px !important;margin-left: 0px !important;padding-top: 20px !important;padding-right: 5px !important;padding-bottom: 20px !important;padding-left: 5px !important;}&#8220;][vc_column][vc_empty_space height=&#8220;22px&#8220;][vc_column_text] Qualit\u00e4tskontrolle [\/vc_column_text][\/vc_column][\/vc_row][vc_row content_placement=&#8220;top&#8220; css=&#8220;.vc_custom_1549012564769{padding-top: 20px !important;padding-bottom: 60px !important;}&#8220;][vc_column width=&#8220;1\/3&#8243; css=&#8220;.vc_custom_1548957860628{padding-right: 0px !important;padding-left: 0px !important;}&#8220;][vc_single_image image=&#8220;1269&#8243; img_size=&#8220;85&#215;85&#8243; alignment=&#8220;center&#8220; css_animation=&#8220;fadeIn&#8220; css=&#8220;.vc_custom_1549011275581{padding-top: 10px !important;padding-bottom: 10px !important;}&#8220;][vc_column_text css=&#8220;.vc_custom_1552657656587{padding-top: 0px !important;padding-bottom: 0px !important;}&#8220;] VISUELLE QUALIT\u00c4TSKONTROLLE [\/vc_column_text][vc_column_text css=&#8220;.vc_custom_1552661879975{padding-top: 10px !important;padding-bottom: 10px !important;}&#8220;] Alle unsere&hellip;<\/p>\n","protected":false},"author":1,"featured_media":0,"parent":0,"menu_order":0,"comment_status":"closed","ping_status":"closed","template":"","meta":{"footnotes":""},"class_list":["post-2012","page","type-page","status-publish","hentry","description-off"],"_links":{"self":[{"href":"https:\/\/srebrolex.pl\/de\/wp-json\/wp\/v2\/pages\/2012","targetHints":{"allow":["GET"]}}],"collection":[{"href":"https:\/\/srebrolex.pl\/de\/wp-json\/wp\/v2\/pages"}],"about":[{"href":"https:\/\/srebrolex.pl\/de\/wp-json\/wp\/v2\/types\/page"}],"author":[{"embeddable":true,"href":"https:\/\/srebrolex.pl\/de\/wp-json\/wp\/v2\/users\/1"}],"replies":[{"embeddable":true,"href":"https:\/\/srebrolex.pl\/de\/wp-json\/wp\/v2\/comments?post=2012"}],"version-history":[{"count":0,"href":"https:\/\/srebrolex.pl\/de\/wp-json\/wp\/v2\/pages\/2012\/revisions"}],"wp:attachment":[{"href":"https:\/\/srebrolex.pl\/de\/wp-json\/wp\/v2\/media?parent=2012"}],"curies":[{"name":"wp","href":"https:\/\/api.w.org\/{rel}","templated":true}]}}