{"id":2021,"date":"2019-03-15T15:07:25","date_gmt":"2019-03-15T15:07:25","guid":{"rendered":"http:\/\/srebrolex.pl\/?page_id=2021"},"modified":"2025-04-03T09:16:16","modified_gmt":"2025-04-03T09:16:16","slug":"ueber-uns","status":"publish","type":"page","link":"https:\/\/srebrolex.pl\/de\/ueber-uns\/","title":{"rendered":"\u00dcber uns"},"content":{"rendered":"<div class=\"wpb-content-wrapper\"><p>[vc_row equal_height=&#8220;yes&#8220; content_placement=&#8220;middle&#8220; bg_type=&#8220;bg_color&#8220; bg_override=&#8220;ex-full&#8220; type=&#8220;vc_default&#8220; css=&#8220;.vc_custom_1550090724087{padding-top: 30px !important;padding-right: 5px !important;padding-bottom: 10px !important;padding-left: 5px !important;}&#8220; el_class=&#8220;custom_services&#8220;][vc_column css=&#8220;.vc_custom_1548960303003{padding-right: 10px !important;padding-left: 10px !important;}&#8220;][vc_column_text css=&#8220;.vc_custom_1552662438549{padding-right: 0px !important;padding-bottom: 0px !important;padding-left: 0px !important;}&#8220;]<\/p>\n<h2 style=\"text-align: center;\">Hersteller von silberschmuck<\/h2>\n<p>[\/vc_column_text][\/vc_column][\/vc_row][vc_row equal_height=&#8220;yes&#8220; content_placement=&#8220;middle&#8220; bg_type=&#8220;bg_color&#8220; bg_override=&#8220;ex-full&#8220; type=&#8220;vc_default&#8220; css=&#8220;.vc_custom_1550090649838{padding-top: 10px !important;padding-right: 10px !important;padding-bottom: 40px !important;padding-left: 10px !important;}&#8220; el_class=&#8220;custom_services&#8220;][vc_column width=&#8220;1\/2&#8243; css=&#8220;.vc_custom_1548960303003{padding-right: 10px !important;padding-left: 10px !important;}&#8220;][vc_column_text]<\/p>\n<p style=\"text-align: left;\">Srebrolex ist ein Unternehmen mit langj\u00e4hriger Erfahrung in Design, Herstellung und Vertrieb von Silberschmuck.<\/p>\n<p>Unser Angebot umfasst unz\u00e4hlige Designmuster von Ringen, Ohrringen, Anh\u00e4ngern, Halsketten, Armb\u00e4ndern und Ketten.<\/p>\n<p>Unser Design ist originell und folgt den aktuellen Modetrends.<br \/>\nDank der sorgf\u00e4ltigen Sichtpr\u00fcfung und Spektralanalyse garantieren wir hohe Qualit\u00e4t des Silberschmucks.<\/p>\n<p>Mit unserer Flexibilit\u00e4t und Kompetenz k\u00f6nnen wir alle Kundenanforderungen erf\u00fcllen.<\/p>\n<p>[\/vc_column_text][\/vc_column][vc_column width=&#8220;1\/2&#8243; css=&#8220;.vc_custom_1548960478914{padding-right: 5px !important;padding-left: 5px !important;}&#8220;]<style type=\"text\/css\" data-type=\"the7_shortcodes-inline-css\">.gallery-shortcode.gallery-masonry-shortcode-id-02a6a141484c06f88470e7aa2a8ff366 figure,\n.gallery-shortcode.gallery-masonry-shortcode-id-02a6a141484c06f88470e7aa2a8ff366 .rollover,\n.gallery-shortcode.gallery-masonry-shortcode-id-02a6a141484c06f88470e7aa2a8ff366 img,\n.gallery-shortcode.gallery-masonry-shortcode-id-02a6a141484c06f88470e7aa2a8ff366 .gallery-rollover {\n  border-radius: 0px;\n}\n.gallery-shortcode.gallery-masonry-shortcode-id-02a6a141484c06f88470e7aa2a8ff366.enable-bg-rollover .gallery-rollover {\n  background: -webkit-linear-gradient();\n  background: linear-gradient();\n}\n.gallery-shortcode.gallery-masonry-shortcode-id-02a6a141484c06f88470e7aa2a8ff366.enable-bg-rollover.hover-scale figure .rollover:after {\n  background: -webkit-linear-gradient();\n  background: linear-gradient();\n}\n.gallery-shortcode.gallery-masonry-shortcode-id-02a6a141484c06f88470e7aa2a8ff366 .gallery-zoom-ico {\n  width: 44px;\n  height: 44px;\n  line-height: 44px;\n  border-radius: 100px;\n  margin: -22px 0 0 -22px;\n  border-width: 0px;\n  color: #ffffff;\n}\n.dt-icon-bg-on.gallery-shortcode.gallery-masonry-shortcode-id-02a6a141484c06f88470e7aa2a8ff366 .gallery-zoom-ico {\n  background: rgba(255,255,255,0.3);\n  box-shadow: none;\n}\n.gallery-shortcode.gallery-masonry-shortcode-id-02a6a141484c06f88470e7aa2a8ff366 .gallery-zoom-ico:before,\n.gallery-shortcode.gallery-masonry-shortcode-id-02a6a141484c06f88470e7aa2a8ff366 .gallery-zoom-ico span {\n  font-size: 32px;\n  line-height: 44px;\n  color: #ffffff;\n}\n.gallery-shortcode.gallery-masonry-shortcode-id-02a6a141484c06f88470e7aa2a8ff366:not(.resize-by-browser-width) .dt-css-grid {\n  grid-row-gap: 10px;\n  grid-column-gap: 10px;\n  grid-template-columns: repeat(auto-fill,minmax(,1fr));\n}\n.gallery-shortcode.gallery-masonry-shortcode-id-02a6a141484c06f88470e7aa2a8ff366:not(.resize-by-browser-width) .dt-css-grid .double-width {\n  grid-column: span 2;\n}\n.cssgridlegacy.no-cssgrid .gallery-shortcode.gallery-masonry-shortcode-id-02a6a141484c06f88470e7aa2a8ff366:not(.resize-by-browser-width) .dt-css-grid,\n.no-cssgridlegacy.no-cssgrid .gallery-shortcode.gallery-masonry-shortcode-id-02a6a141484c06f88470e7aa2a8ff366:not(.resize-by-browser-width) .dt-css-grid {\n  display: flex;\n  flex-flow: row wrap;\n  margin: -5px;\n}\n.cssgridlegacy.no-cssgrid .gallery-shortcode.gallery-masonry-shortcode-id-02a6a141484c06f88470e7aa2a8ff366:not(.resize-by-browser-width) .dt-css-grid .wf-cell,\n.no-cssgridlegacy.no-cssgrid .gallery-shortcode.gallery-masonry-shortcode-id-02a6a141484c06f88470e7aa2a8ff366:not(.resize-by-browser-width) .dt-css-grid .wf-cell {\n  flex: 1 0 ;\n  max-width: 100%;\n  padding: 5px;\n  box-sizing: border-box;\n}\n.gallery-shortcode.gallery-masonry-shortcode-id-02a6a141484c06f88470e7aa2a8ff366.resize-by-browser-width .dt-css-grid {\n  grid-template-columns: repeat(2,1fr);\n  grid-template-rows: auto;\n  grid-column-gap: 10px;\n  grid-row-gap: 10px;\n}\n.gallery-shortcode.gallery-masonry-shortcode-id-02a6a141484c06f88470e7aa2a8ff366.resize-by-browser-width .dt-css-grid .double-width {\n  grid-column: span 2;\n}\n.cssgridlegacy.no-cssgrid .gallery-shortcode.gallery-masonry-shortcode-id-02a6a141484c06f88470e7aa2a8ff366.resize-by-browser-width .dt-css-grid {\n  margin: -5px;\n}\n.cssgridlegacy.no-cssgrid .gallery-shortcode.gallery-masonry-shortcode-id-02a6a141484c06f88470e7aa2a8ff366.resize-by-browser-width .dt-css-grid .wf-cell {\n  width: 50%;\n  padding: 5px;\n}\n.cssgridlegacy.no-cssgrid .gallery-shortcode.gallery-masonry-shortcode-id-02a6a141484c06f88470e7aa2a8ff366.resize-by-browser-width .dt-css-grid .wf-cell.double-width {\n  width: calc(50%) * 2;\n}\n.gallery-shortcode.gallery-masonry-shortcode-id-02a6a141484c06f88470e7aa2a8ff366.resize-by-browser-width:not(.centered-layout-list):not(.content-bg-on) .dt-css-grid {\n  grid-row-gap: 10px - ;\n}\n@media screen and (max-width: 1199px) {\n  .gallery-shortcode.gallery-masonry-shortcode-id-02a6a141484c06f88470e7aa2a8ff366.resize-by-browser-width .dt-css-grid {\n    grid-template-columns: repeat(2,1fr);\n  }\n  .cssgridlegacy.no-cssgrid .gallery-shortcode.gallery-masonry-shortcode-id-02a6a141484c06f88470e7aa2a8ff366.resize-by-browser-width .dt-css-grid .wf-cell,\n  .no-cssgridlegacy.no-cssgrid .gallery-shortcode.gallery-masonry-shortcode-id-02a6a141484c06f88470e7aa2a8ff366.resize-by-browser-width .dt-css-grid .wf-cell {\n    width: 50%;\n  }\n  .cssgridlegacy.no-cssgrid .gallery-shortcode.gallery-masonry-shortcode-id-02a6a141484c06f88470e7aa2a8ff366.resize-by-browser-width .dt-css-grid .wf-cell.double-width,\n  .no-cssgridlegacy.no-cssgrid .gallery-shortcode.gallery-masonry-shortcode-id-02a6a141484c06f88470e7aa2a8ff366.resize-by-browser-width .dt-css-grid .wf-cell.double-width {\n    width: calc(50%)*2;\n  }\n}\n@media screen and (max-width: 991px) {\n  .gallery-shortcode.gallery-masonry-shortcode-id-02a6a141484c06f88470e7aa2a8ff366.resize-by-browser-width .dt-css-grid {\n    grid-template-columns: repeat(2,1fr);\n  }\n  .cssgridlegacy.no-cssgrid .gallery-shortcode.gallery-masonry-shortcode-id-02a6a141484c06f88470e7aa2a8ff366.resize-by-browser-width .dt-css-grid .wf-cell,\n  .no-cssgridlegacy.no-cssgrid .gallery-shortcode.gallery-masonry-shortcode-id-02a6a141484c06f88470e7aa2a8ff366.resize-by-browser-width .dt-css-grid .wf-cell {\n    width: 50%;\n  }\n  .cssgridlegacy.no-cssgrid .gallery-shortcode.gallery-masonry-shortcode-id-02a6a141484c06f88470e7aa2a8ff366.resize-by-browser-width .dt-css-grid .wf-cell.double-width,\n  .no-cssgridlegacy.no-cssgrid .gallery-shortcode.gallery-masonry-shortcode-id-02a6a141484c06f88470e7aa2a8ff366.resize-by-browser-width .dt-css-grid .wf-cell.double-width {\n    width: calc(50%)*2;\n  }\n}\n@media screen and (max-width: 767px) {\n  .gallery-shortcode.gallery-masonry-shortcode-id-02a6a141484c06f88470e7aa2a8ff366.resize-by-browser-width .dt-css-grid {\n    grid-template-columns: repeat(2,1fr);\n  }\n  .cssgridlegacy.no-cssgrid .gallery-shortcode.gallery-masonry-shortcode-id-02a6a141484c06f88470e7aa2a8ff366.resize-by-browser-width .dt-css-grid .wf-cell,\n  .no-cssgridlegacy.no-cssgrid .gallery-shortcode.gallery-masonry-shortcode-id-02a6a141484c06f88470e7aa2a8ff366.resize-by-browser-width .dt-css-grid .wf-cell {\n    width: 50%;\n  }\n  .cssgridlegacy.no-cssgrid .gallery-shortcode.gallery-masonry-shortcode-id-02a6a141484c06f88470e7aa2a8ff366.resize-by-browser-width .dt-css-grid .wf-cell.double-width,\n  .no-cssgridlegacy.no-cssgrid .gallery-shortcode.gallery-masonry-shortcode-id-02a6a141484c06f88470e7aa2a8ff366.resize-by-browser-width .dt-css-grid .wf-cell.double-width {\n    width: calc(50%)*2;\n  }\n}\n<\/style><div class=\"gallery-shortcode dt-gallery-container gallery-masonry-shortcode-id-02a6a141484c06f88470e7aa2a8ff366 mode-grid jquery-filter dt-icon-bg-off quick-scale-img dt-css-grid-wrap enable-bg-rollover resize-by-browser-width  hover-fade loading-effect-none description-on-hover\" data-padding=\"5px\" data-cur-page=\"1\" data-post-limit=\"-1\" data-pagination-mode=\"none\" data-desktop-columns-num=\"2\" data-v-tablet-columns-num=\"2\" data-h-tablet-columns-num=\"2\" data-phone-columns-num=\"2\" data-width=\"0px\" data-columns=\"0\"><div class=\"dt-css-grid\" ><div class=\"wf-cell\" data-post-id=\"8715\" data-date=\"2023-09-11T08:46:16+00:00\" data-name=\"IMG_5089-Pano-192bb-192c\"><figure class=\"post visible\"><a href=\"https:\/\/srebrolex.pl\/wp-content\/uploads\/2023\/09\/IMG_5089-Pano-192bb-192c.jpg\" class=\"rollover dt-pswp-item layzr-bg\" data-large_image_width=\"1920\" data-large_image_height=\"898\" data-dt-img-description=\"\" title=\"IMG_5089-Pano-192bb-192c\"><img fetchpriority=\"high\" decoding=\"async\" class=\"preload-me iso-lazy-load aspect\" src=\"data:image\/svg+xml,%3Csvg%20xmlns%3D&#39;http%3A%2F%2Fwww.w3.org%2F2000%2Fsvg&#39;%20viewBox%3D&#39;0%200%20490%20336&#39;%2F%3E\" data-src=\"https:\/\/srebrolex.pl\/wp-content\/uploads\/2023\/09\/IMG_5089-Pano-192bb-192c-490x336.jpg\" data-srcset=\"https:\/\/srebrolex.pl\/wp-content\/uploads\/2023\/09\/IMG_5089-Pano-192bb-192c-490x336.jpg 490w, https:\/\/srebrolex.pl\/wp-content\/uploads\/2023\/09\/IMG_5089-Pano-192bb-192c-735x504.jpg 735w\" loading=\"eager\" style=\"--ratio: 490 \/ 336\" sizes=\"(max-width: 490px) 100vw, 490px\" alt=\"\" width=\"490\" height=\"336\"  \/><span class=\"gallery-rollover\"><span class=\"gallery-zoom-ico icomoon-the7-font-the7-zoom-06\"><span><\/span><\/span><\/span><\/a><\/figure><\/div><div class=\"wf-cell\" data-post-id=\"8696\" data-date=\"2023-09-11T08:16:25+00:00\" data-name=\"IMG_5042-192b\"><figure class=\"post visible\"><a href=\"https:\/\/srebrolex.pl\/wp-content\/uploads\/2023\/09\/IMG_5042-192b.jpg\" class=\"rollover dt-pswp-item layzr-bg\" data-large_image_width=\"1920\" data-large_image_height=\"1281\" data-dt-img-description=\"\" title=\"IMG_5042-192b\"><img decoding=\"async\" class=\"preload-me iso-lazy-load aspect\" src=\"data:image\/svg+xml,%3Csvg%20xmlns%3D&#39;http%3A%2F%2Fwww.w3.org%2F2000%2Fsvg&#39;%20viewBox%3D&#39;0%200%20490%20336&#39;%2F%3E\" data-src=\"https:\/\/srebrolex.pl\/wp-content\/uploads\/2023\/09\/IMG_5042-192b-490x336.jpg\" data-srcset=\"https:\/\/srebrolex.pl\/wp-content\/uploads\/2023\/09\/IMG_5042-192b-490x336.jpg 490w, https:\/\/srebrolex.pl\/wp-content\/uploads\/2023\/09\/IMG_5042-192b-735x504.jpg 735w\" loading=\"eager\" style=\"--ratio: 490 \/ 336\" sizes=\"(max-width: 490px) 100vw, 490px\" alt=\"\" width=\"490\" height=\"336\"  \/><span class=\"gallery-rollover\"><span class=\"gallery-zoom-ico icomoon-the7-font-the7-zoom-06\"><span><\/span><\/span><\/span><\/a><\/figure><\/div><div class=\"wf-cell\" data-post-id=\"8681\" data-date=\"2023-09-11T08:16:05+00:00\" data-name=\"IMG_4578-192b\"><figure class=\"post visible\"><a href=\"https:\/\/srebrolex.pl\/wp-content\/uploads\/2023\/09\/IMG_4578-192b.jpg\" class=\"rollover dt-pswp-item layzr-bg\" data-large_image_width=\"1920\" data-large_image_height=\"1339\" data-dt-img-description=\"\" title=\"IMG_4578-192b\"><img decoding=\"async\" class=\"preload-me iso-lazy-load aspect\" src=\"data:image\/svg+xml,%3Csvg%20xmlns%3D&#39;http%3A%2F%2Fwww.w3.org%2F2000%2Fsvg&#39;%20viewBox%3D&#39;0%200%20490%20336&#39;%2F%3E\" data-src=\"https:\/\/srebrolex.pl\/wp-content\/uploads\/2023\/09\/IMG_4578-192b-490x336.jpg\" data-srcset=\"https:\/\/srebrolex.pl\/wp-content\/uploads\/2023\/09\/IMG_4578-192b-490x336.jpg 490w, https:\/\/srebrolex.pl\/wp-content\/uploads\/2023\/09\/IMG_4578-192b-735x504.jpg 735w\" loading=\"eager\" style=\"--ratio: 490 \/ 336\" sizes=\"(max-width: 490px) 100vw, 490px\" alt=\"\" width=\"490\" height=\"336\"  \/><span class=\"gallery-rollover\"><span class=\"gallery-zoom-ico icomoon-the7-font-the7-zoom-06\"><span><\/span><\/span><\/span><\/a><\/figure><\/div><div class=\"wf-cell\" data-post-id=\"16631\" data-date=\"2025-03-27T12:13:07+00:00\" data-name=\"BANER5\"><figure class=\"post visible\"><a href=\"https:\/\/srebrolex.pl\/wp-content\/uploads\/2025\/03\/BANER5-scaled.jpg\" class=\"rollover dt-pswp-item layzr-bg\" data-large_image_width=\"2560\" data-large_image_height=\"1660\" data-dt-img-description=\"\" title=\"BANER5\"><img decoding=\"async\" class=\"preload-me iso-lazy-load aspect\" src=\"data:image\/svg+xml,%3Csvg%20xmlns%3D&#39;http%3A%2F%2Fwww.w3.org%2F2000%2Fsvg&#39;%20viewBox%3D&#39;0%200%20490%20336&#39;%2F%3E\" data-src=\"https:\/\/srebrolex.pl\/wp-content\/uploads\/2025\/03\/BANER5-scaled-490x336.jpg\" data-srcset=\"https:\/\/srebrolex.pl\/wp-content\/uploads\/2025\/03\/BANER5-scaled-490x336.jpg 490w, https:\/\/srebrolex.pl\/wp-content\/uploads\/2025\/03\/BANER5-scaled-735x504.jpg 735w\" loading=\"eager\" style=\"--ratio: 490 \/ 336\" sizes=\"(max-width: 490px) 100vw, 490px\" alt=\"kolczyki, bi\u017cuteria srebrna pr. 925, poz\u0142aczne kolczyki, mode wzory bi\u017cuterii, kolczyki ko\u0142a, kolczyki poz\u0142acane, kolczyki z onyxem, kolczyki na sztyfcie, kolczuki krople, kolczyki na angielskim zapieciu, naszyjniki, celebrytki, bransoletki srebrne, \u0142a\u0144cuszki, pier\u015bcionki z cyrkoniami, pier\u015bcionki zar\u0119czynowe, kolczyki ko\u0142a, kolczyki modne, pi\u0119kne wzory bi\u017cuterii, bi\u017cuteria na prezent, komplety bizuterii\" width=\"490\" height=\"336\"  \/><span class=\"gallery-rollover\"><span class=\"gallery-zoom-ico icomoon-the7-font-the7-zoom-06\"><span><\/span><\/span><\/span><\/a><\/figure><\/div><\/div><!-- iso-container|iso-grid --><\/div>[\/vc_column][\/vc_row][vc_row full_width=&#8220;stretch_row&#8220; css=&#8220;.vc_custom_1550088821257{margin-top: 0px !important;margin-bottom: 0px !important;padding-top: 0px !important;padding-bottom: 0px !important;background-color: #bcbcbc !important;background-position: center !important;background-repeat: no-repeat !important;background-size: cover !important;}&#8220;][vc_column][vc_empty_space height=&#8220;22px&#8220;][vc_column_text el_class=&#8220;whitetekst&#8220;]<\/p>\n<h2 style=\"text-align: center;\">Zusammenarbeit mit dem Gro\u00dfhandel.<\/h2>\n<p>[\/vc_column_text][vc_column_text css=&#8220;.vc_custom_1552663722794{padding-top: 5px !important;padding-bottom: 20px !important;}&#8220; el_class=&#8220;whitetekst&#8220;]<\/p>\n<h3 style=\"text-align: center;\">Zusammenarbeit mit dem Gro\u00dfhandelWir m\u00f6chten gerne mit Silberschmuck-Gro\u00dfh\u00e4ndlern und einzelnen H\u00e4ndlern mit eigenem Einzelhandelsnetz zusammenarbeiten.Wir bieten Ihnen g\u00fcnstige Kooperationsbedingungen und attraktive Preise.<\/h3>\n<p>[\/vc_column_text][vc_row_inner][vc_column_inner width=&#8220;1\/6&#8243;][\/vc_column_inner][vc_column_inner width=&#8220;1\/3&#8243;]<style type=\"text\/css\" data-type=\"the7_shortcodes-inline-css\">#default-btn-6e741d4743e0a221bac010f195e8d725.ico-right-side > i {\n  margin-right: 0px;\n  margin-left: 8px;\n}\n#default-btn-6e741d4743e0a221bac010f195e8d725 > i {\n  margin-right: 8px;\n}\n<\/style><div class=\"btn-align-center\"><a href=\"http:\/\/srebrolex.p\/de\/kontakt\/\" class=\"default-btn-shortcode dt-btn dt-btn-s link-hover-off  vc_custom_1552663781924\" id=\"default-btn-6e741d4743e0a221bac010f195e8d725\"><span>Kontaktieren Sie uns<\/span><\/a><\/div>[\/vc_column_inner][vc_column_inner width=&#8220;1\/3&#8243;]<style type=\"text\/css\" data-type=\"the7_shortcodes-inline-css\">#default-btn-058db1fe473c7d5e780762949b95c5df.ico-right-side > i {\n  margin-right: 0px;\n  margin-left: 8px;\n}\n#default-btn-058db1fe473c7d5e780762949b95c5df > i {\n  margin-right: 8px;\n}\n<\/style><div class=\"btn-align-center\"><a href=\"\/de\/zugangsregelungen-fuer-grosshandelskunden\/\" class=\"default-btn-shortcode dt-btn dt-btn-s link-hover-off  vc_custom_1695645791780\" id=\"default-btn-058db1fe473c7d5e780762949b95c5df\"><span>Zugangsregelungen f\u00fcr Gro\u00dfhandelskunden<\/span><\/a><\/div>[\/vc_column_inner][vc_column_inner width=&#8220;1\/6&#8243;][\/vc_column_inner][\/vc_row_inner][vc_empty_space height=&#8220;33px&#8220;][\/vc_column][\/vc_row][vc_row content_placement=&#8220;top&#8220; css=&#8220;.vc_custom_1550090131999{padding-top: 40px !important;padding-bottom: 40px !important;}&#8220;][vc_column css=&#8220;.vc_custom_1548957860628{padding-right: 0px !important;padding-left: 0px !important;}&#8220;]<div id=\"ult-carousel-301632624669e74dfabf30f\" class=\"ult-carousel-wrapper   ult_horizontal\" data-gutter=\"15\" data-rtl=\"false\" ><div class=\"ult-carousel-337889876769e74dfabefae \" >[vc_row_inner][vc_column_inner][vc_single_image image=&#8220;1648&#8243; img_size=&#8220;85&#215;85&#8243; alignment=&#8220;center&#8220; css_animation=&#8220;fadeIn&#8220; css=&#8220;.vc_custom_1550089832474{padding-top: 10px !important;padding-bottom: 10px !important;}&#8220;][vc_column_text css=&#8220;.vc_custom_1552672170297{padding-top: 0px !important;padding-bottom: 0px !important;}&#8220;]<\/p>\n<p style=\"text-align: center;\"><strong>ORIGINALDESIGN<\/strong><\/p>\n<p>[\/vc_column_text][vc_column_text css=&#8220;.vc_custom_1552672187090{padding-top: 10px !important;padding-bottom: 10px !important;}&#8220;]<\/p>\n<p style=\"text-align: center;\">Design nach den neuesten Modetrends im wundersch\u00f6nen Silberschmuck.<\/p>\n<p>[\/vc_column_text][\/vc_column_inner][\/vc_row_inner][vc_row_inner][vc_column_inner][vc_single_image image=&#8220;1649&#8243; img_size=&#8220;85&#215;85&#8243; alignment=&#8220;center&#8220; css_animation=&#8220;fadeIn&#8220; css=&#8220;.vc_custom_1550089846363{padding-top: 10px !important;padding-bottom: 10px !important;}&#8220;][vc_column_text css=&#8220;.vc_custom_1552672202720{padding-top: 0px !important;padding-bottom: 0px !important;}&#8220;]<\/p>\n<p style=\"text-align: center;\"><strong>SCHNELLE UMSETZUNG<br \/>\n<\/strong><\/p>\n<p>[\/vc_column_text][vc_column_text css=&#8220;.vc_custom_1552672221809{padding-top: 10px !important;padding-bottom: 10px !important;}&#8220;]<\/p>\n<p style=\"text-align: center;\">Tausende Produkte in unserem Lager erh\u00e4ltlich.<br \/>\nUmsetzung von Einzelauftr\u00e4gen binnen ca. 6 Wochen.<\/p>\n<p>[\/vc_column_text][\/vc_column_inner][\/vc_row_inner][vc_row_inner][vc_column_inner][vc_single_image image=&#8220;1268&#8243; img_size=&#8220;85&#215;85&#8243; alignment=&#8220;center&#8220; css_animation=&#8220;fadeIn&#8220; css=&#8220;.vc_custom_1550089862865{padding-top: 10px !important;padding-bottom: 10px !important;}&#8220;][vc_column_text css=&#8220;.vc_custom_1552672237233{padding-top: 0px !important;padding-bottom: 0px !important;}&#8220;]<\/p>\n<p style=\"text-align: center;\"><strong>H\u00d6CHSTE QUALIT\u00c4T<\/strong><\/p>\n<p>[\/vc_column_text][vc_column_text css=&#8220;.vc_custom_1552672263178{padding-top: 10px !important;padding-bottom: 10px !important;}&#8220;]<\/p>\n<p style=\"text-align: center;\">Unsere Produkte erf\u00fcllen die REACH-Verordnung zur Beschr\u00e4nkung des Gehalts an Gefahrstoffen wie Nickel, Cadmium und Blei. .<\/p>\n<p>[\/vc_column_text][\/vc_column_inner][\/vc_row_inner][vc_row_inner][vc_column_inner][vc_single_image image=&#8220;1650&#8243; img_size=&#8220;85&#215;85&#8243; alignment=&#8220;center&#8220; css_animation=&#8220;fadeIn&#8220; css=&#8220;.vc_custom_1550090028171{padding-top: 10px !important;padding-bottom: 10px !important;}&#8220;][vc_column_text css=&#8220;.vc_custom_1552672275272{padding-top: 0px !important;padding-bottom: 0px !important;}&#8220;]<\/p>\n<p style=\"text-align: center;\"><strong>ATTRAKTIVE PREISE<\/strong><\/p>\n<p>[\/vc_column_text][vc_column_text css=&#8220;.vc_custom_1552672290833{padding-top: 10px !important;padding-bottom: 10px !important;}&#8220;]<\/p>\n<p style=\"text-align: center;\">Dank dem Verkauf in gro\u00dfen Mengen haben wir gute Preise f\u00fcr Gro\u00dfhandelskunden.<\/p>\n<p>[\/vc_column_text][\/vc_column_inner][\/vc_row_inner][vc_row_inner][vc_column_inner][vc_single_image image=&#8220;1651&#8243; img_size=&#8220;85&#215;85&#8243; alignment=&#8220;center&#8220; css_animation=&#8220;fadeIn&#8220; css=&#8220;.vc_custom_1550090042977{padding-top: 10px !important;padding-bottom: 10px !important;}&#8220;][vc_column_text css=&#8220;.vc_custom_1552672305609{padding-top: 0px !important;padding-bottom: 0px !important;}&#8220;]<\/p>\n<p style=\"text-align: center;\"><strong>ERFAHRUNG<\/strong><\/p>\n<p>[\/vc_column_text][vc_column_text css=&#8220;.vc_custom_1552672319665{padding-top: 10px !important;padding-bottom: 10px !important;}&#8220;]<\/p>\n<p style=\"text-align: center;\">Dank der langj\u00e4hrigen Pr\u00e4senz auf dem Markt und dem st\u00e4ndigen Streben nach Qualit\u00e4tsverbesserung k\u00f6nnen wir unseren Kunden sch\u00f6nen Schmuck anbieten.<\/p>\n<p>[\/vc_column_text][\/vc_column_inner][\/vc_row_inner][vc_row_inner][vc_column_inner][vc_single_image image=&#8220;1267&#8243; img_size=&#8220;85&#215;85&#8243; alignment=&#8220;center&#8220; css_animation=&#8220;fadeIn&#8220; css=&#8220;.vc_custom_1550090064520{padding-top: 10px !important;padding-bottom: 10px !important;}&#8220;][vc_column_text css=&#8220;.vc_custom_1552672335225{padding-top: 0px !important;padding-bottom: 0px !important;}&#8220;]<\/p>\n<p style=\"text-align: center;\"><strong>INNOVATIONSKRAFT<\/strong><\/p>\n<p>[\/vc_column_text][vc_column_text css=&#8220;.vc_custom_1552672348018{padding-top: 10px !important;padding-bottom: 10px !important;}&#8220;]<\/p>\n<p style=\"text-align: center;\">Wir bringen neue Schmuckdesigns auf den Markt, verstehen Trends und liefern Produkte, in die man sich leicht verlieben kann.<\/p>\n<p>[\/vc_column_text][\/vc_column_inner][\/vc_row_inner]<\/div><\/div>\t\t\t<script type=\"text\/javascript\">\n\t\t\t\tjQuery(document).ready(function ($) {\n\t\t\t\t\tif( typeof jQuery('.ult-carousel-337889876769e74dfabefae').slick == \"function\"){\n\t\t\t\t\t\t$('.ult-carousel-337889876769e74dfabefae').slick({dots: true,autoplay: true,autoplaySpeed: \"5000\",speed: \"300\",infinite: true,arrows: true,nextArrow: '<button type=\"button\" role=\"button\" aria-label=\"Next\" style=\"color:#333333; font-size:20px;\" class=\"slick-next default\"><i class=\"ultsl-arrow-right4\"><\/i><\/button>',prevArrow: '<button type=\"button\" role=\"button\" aria-label=\"Previous\" style=\"color:#333333; font-size:20px;\" class=\"slick-prev default\"><i class=\"ultsl-arrow-left4\"><\/i><\/button>',slidesToScroll:3,slidesToShow:3,swipe: true,draggable: true,touchMove: true,pauseOnHover: true,pauseOnFocus: false,responsive: [\n\t\t\t\t\t\t\t{\n\t\t\t\t\t\t\t  breakpoint: 1026,\n\t\t\t\t\t\t\t  settings: {\n\t\t\t\t\t\t\t\tslidesToShow: 3,\n\t\t\t\t\t\t\t\tslidesToScroll: 3,  \n\t\t\t\t\t\t\t  }\n\t\t\t\t\t\t\t},\n\t\t\t\t\t\t\t{\n\t\t\t\t\t\t\t  breakpoint: 1025,\n\t\t\t\t\t\t\t  settings: {\n\t\t\t\t\t\t\t\tslidesToShow: 3,\n\t\t\t\t\t\t\t\tslidesToScroll: 3\n\t\t\t\t\t\t\t  }\n\t\t\t\t\t\t\t},\n\t\t\t\t\t\t\t{\n\t\t\t\t\t\t\t  breakpoint: 760,\n\t\t\t\t\t\t\t  settings: {\n\t\t\t\t\t\t\t\tslidesToShow: 1,\n\t\t\t\t\t\t\t\tslidesToScroll: 1\n\t\t\t\t\t\t\t  }\n\t\t\t\t\t\t\t}\n\t\t\t\t\t\t],pauseOnDotsHover: true,customPaging: function(slider, i) {\n                   return '<i type=\"button\" style= \"color:#333333;\" class=\"ultsl-record\" data-role=\"none\"><\/i>';\n                },});\n\t\t\t\t\t}\n\t\t\t\t});\n\t\t\t<\/script>\n\t\t\t[\/vc_column][\/vc_row]<\/p>\n<\/div>","protected":false},"excerpt":{"rendered":"<p>[vc_row equal_height=&#8220;yes&#8220; content_placement=&#8220;middle&#8220; bg_type=&#8220;bg_color&#8220; bg_override=&#8220;ex-full&#8220; type=&#8220;vc_default&#8220; css=&#8220;.vc_custom_1550090724087{padding-top: 30px !important;padding-right: 5px !important;padding-bottom: 10px !important;padding-left: 5px !important;}&#8220; el_class=&#8220;custom_services&#8220;][vc_column css=&#8220;.vc_custom_1548960303003{padding-right: 10px !important;padding-left: 10px !important;}&#8220;][vc_column_text css=&#8220;.vc_custom_1552662438549{padding-right: 0px !important;padding-bottom: 0px !important;padding-left: 0px !important;}&#8220;] Hersteller von silberschmuck [\/vc_column_text][\/vc_column][\/vc_row][vc_row equal_height=&#8220;yes&#8220; content_placement=&#8220;middle&#8220; bg_type=&#8220;bg_color&#8220; bg_override=&#8220;ex-full&#8220; type=&#8220;vc_default&#8220; css=&#8220;.vc_custom_1550090649838{padding-top: 10px !important;padding-right: 10px !important;padding-bottom: 40px !important;padding-left: 10px !important;}&#8220; el_class=&#8220;custom_services&#8220;][vc_column width=&#8220;1\/2&#8243; css=&#8220;.vc_custom_1548960303003{padding-right: 10px !important;padding-left: 10px !important;}&#8220;][vc_column_text] Srebrolex ist&hellip;<\/p>\n","protected":false},"author":1,"featured_media":0,"parent":0,"menu_order":0,"comment_status":"closed","ping_status":"closed","template":"","meta":{"footnotes":""},"class_list":["post-2021","page","type-page","status-publish","hentry","description-off"],"_links":{"self":[{"href":"https:\/\/srebrolex.pl\/de\/wp-json\/wp\/v2\/pages\/2021","targetHints":{"allow":["GET"]}}],"collection":[{"href":"https:\/\/srebrolex.pl\/de\/wp-json\/wp\/v2\/pages"}],"about":[{"href":"https:\/\/srebrolex.pl\/de\/wp-json\/wp\/v2\/types\/page"}],"author":[{"embeddable":true,"href":"https:\/\/srebrolex.pl\/de\/wp-json\/wp\/v2\/users\/1"}],"replies":[{"embeddable":true,"href":"https:\/\/srebrolex.pl\/de\/wp-json\/wp\/v2\/comments?post=2021"}],"version-history":[{"count":5,"href":"https:\/\/srebrolex.pl\/de\/wp-json\/wp\/v2\/pages\/2021\/revisions"}],"predecessor-version":[{"id":16727,"href":"https:\/\/srebrolex.pl\/de\/wp-json\/wp\/v2\/pages\/2021\/revisions\/16727"}],"wp:attachment":[{"href":"https:\/\/srebrolex.pl\/de\/wp-json\/wp\/v2\/media?parent=2021"}],"curies":[{"name":"wp","href":"https:\/\/api.w.org\/{rel}","templated":true}]}}