{"id":2027,"date":"2019-03-15T17:27:14","date_gmt":"2019-03-15T17:27:14","guid":{"rendered":"http:\/\/srebrolex.pl\/?page_id=2027"},"modified":"2023-10-13T09:58:14","modified_gmt":"2023-10-13T09:58:14","slug":"herstellung-von-silberschmuck","status":"publish","type":"page","link":"https:\/\/srebrolex.pl\/de\/herstellung-von-silberschmuck\/","title":{"rendered":"Herstellung von silberschmuck"},"content":{"rendered":"<div class=\"wpb-content-wrapper\"><p>[vc_row equal_height=&#8220;yes&#8220; type=&#8220;vc_default&#8220; css=&#8220;.vc_custom_1547973523477{margin-right: 0px !important;margin-left: 0px !important;padding-top: 20px !important;padding-right: 5px !important;padding-bottom: 25px !important;padding-left: 5px !important;}&#8220;][vc_column][vc_empty_space height=&#8220;22px&#8220;][vc_column_text el_class=&#8220;heading1&#8243;]<\/p>\n<h1 style=\"text-align: center;\">Herstellung von silberschmuck<\/h1>\n<p>[\/vc_column_text][\/vc_column][\/vc_row][vc_row equal_height=&#8220;yes&#8220; content_placement=&#8220;middle&#8220; type=&#8220;vc_default&#8220; css=&#8220;.vc_custom_1695646420455{padding-top: 2px !important;padding-right: 10px !important;padding-bottom: 2px !important;padding-left: 10px !important;}&#8220; el_id=&#8220;design-jewelry&#8220;][vc_column width=&#8220;1\/2&#8243; css=&#8220;.vc_custom_1547920093843{padding-right: 10px !important;padding-bottom: 5px !important;padding-left: 10px !important;}&#8220;][vc_single_image image=&#8220;1250&#8243; img_size=&#8220;600&#215;350&#8243; onclick=&#8220;link_image&#8220; css_animation=&#8220;zoomIn&#8220; css=&#8220;.vc_custom_1548956250328{padding-top: 15px !important;padding-bottom: 15px !important;}&#8220;][\/vc_column][vc_column width=&#8220;1\/2&#8243; css=&#8220;.vc_custom_1547920102253{padding-right: 10px !important;padding-left: 10px !important;}&#8220;][vc_column_text css=&#8220;.vc_custom_1552670891544{padding-top: 10px !important;padding-bottom: 10px !important;}&#8220;]<\/p>\n<h3>1. Design von Schmuck<\/h3>\n<p>[\/vc_column_text][vc_column_text css=&#8220;.vc_custom_1552671093135{padding-top: 10px !important;padding-bottom: 10px !important;}&#8220;]Anhand der pr\u00e4sentierten Idee erstellt der Designer ein elektronisches Projekt.<\/p>\n<p>Das Projekt wird mit viel Liebe zum Detail kreiert, damit es der Idee m\u00f6glichst treu bleibt.[\/vc_column_text][vc_separator el_width=&#8220;40&#8243;][\/vc_column][\/vc_row][vc_row equal_height=&#8220;yes&#8220; rtl_reverse=&#8220;yes&#8220; content_placement=&#8220;middle&#8220; bg_type=&#8220;bg_color&#8220; bg_override=&#8220;ex-full&#8220; type=&#8220;vc_default&#8220; css=&#8220;.vc_custom_1548956218744{padding-top: 2px !important;padding-right: 10px !important;padding-bottom: 2px !important;padding-left: 10px !important;}&#8220; el_class=&#8220;rowrow&#8220; bg_color_value=&#8220;#f4f4f4&#8243;][vc_column width=&#8220;1\/2&#8243; css=&#8220;.vc_custom_1547920093843{padding-right: 10px !important;padding-bottom: 5px !important;padding-left: 10px !important;}&#8220;][vc_column_text css=&#8220;.vc_custom_1552670927273{padding-top: 10px !important;padding-bottom: 10px !important;}&#8220;]<\/p>\n<h3>2. Projektvisualisierung<\/h3>\n<p>[\/vc_column_text][vc_column_text css=&#8220;.vc_custom_1552670943768{padding-top: 10px !important;padding-bottom: 10px !important;}&#8220;]Wenn das Projekt fertig ist, k\u00f6nnen wir sehen, wie sich das Endprodukt pr\u00e4sentieren wird.<\/p>\n<p>In dieser Phase k\u00f6nnen letzte \u00c4nderungen vorgenommen werden, das Projekt wird dann akzeptiert.[\/vc_column_text][vc_separator el_width=&#8220;40&#8243;][\/vc_column][vc_column width=&#8220;1\/2&#8243; css=&#8220;.vc_custom_1547920102253{padding-right: 10px !important;padding-left: 10px !important;}&#8220;][vc_single_image image=&#8220;1245&#8243; img_size=&#8220;600&#215;350&#8243; onclick=&#8220;link_image&#8220; css_animation=&#8220;zoomIn&#8220; css=&#8220;.vc_custom_1548956536865{padding-top: 15px !important;padding-bottom: 15px !important;}&#8220;][vc_separator el_width=&#8220;40&#8243;][\/vc_column][\/vc_row][vc_row equal_height=&#8220;yes&#8220; content_placement=&#8220;middle&#8220; type=&#8220;vc_default&#8220; css=&#8220;.vc_custom_1695646434651{padding-top: 3px !important;padding-right: 10px !important;padding-bottom: 3px !important;padding-left: 10px !important;}&#8220; el_id=&#8220;production-jewelry&#8220;][vc_column width=&#8220;1\/2&#8243; css=&#8220;.vc_custom_1547920093843{padding-right: 10px !important;padding-bottom: 5px !important;padding-left: 10px !important;}&#8220;][vc_single_image image=&#8220;1630&#8243; img_size=&#8220;600&#215;350&#8243; onclick=&#8220;link_image&#8220; css_animation=&#8220;zoomIn&#8220; css=&#8220;.vc_custom_1550068753517{padding-top: 15px !important;padding-bottom: 15px !important;}&#8220;][\/vc_column][vc_column width=&#8220;1\/2&#8243; css=&#8220;.vc_custom_1547920102253{padding-right: 10px !important;padding-left: 10px !important;}&#8220;][vc_column_text css=&#8220;.vc_custom_1552670958272{padding-top: 10px !important;padding-bottom: 10px !important;}&#8220;]<\/p>\n<h3>3. Umsetzung<\/h3>\n<p>[\/vc_column_text][vc_column_text css=&#8220;.vc_custom_1552670974545{padding-top: 10px !important;padding-bottom: 10px !important;}&#8220;]Nach der Genehmigung des Projekts kommt die Herstellungsphase.<\/p>\n<p>Dieser Prozess ist kompliziert. Er erfordert Spezialausr\u00fcstung und qualifiziertes Personal.[\/vc_column_text][vc_separator el_width=&#8220;40&#8243;][\/vc_column][\/vc_row][vc_row equal_height=&#8220;yes&#8220; rtl_reverse=&#8220;yes&#8220; content_placement=&#8220;middle&#8220; bg_type=&#8220;bg_color&#8220; bg_override=&#8220;ex-full&#8220; type=&#8220;vc_default&#8220; css=&#8220;.vc_custom_1548956325511{padding-top: 3px !important;padding-right: 10px !important;padding-bottom: 3px !important;padding-left: 10px !important;}&#8220; el_class=&#8220;rowrow&#8220; bg_color_value=&#8220;#f4f4f4&#8243;][vc_column width=&#8220;1\/2&#8243; css=&#8220;.vc_custom_1547920093843{padding-right: 10px !important;padding-bottom: 5px !important;padding-left: 10px !important;}&#8220;][vc_column_text css=&#8220;.vc_custom_1552670997401{padding-top: 10px !important;padding-bottom: 10px !important;}&#8220;]<\/p>\n<h3>4. Visuelle Qualit\u00e4tskontrolle<\/h3>\n<p>[\/vc_column_text][vc_column_text css=&#8220;.vc_custom_1552671016306{padding-top: 10px !important;padding-bottom: 10px !important;}&#8220;]Jedes Produkt wird einer gr\u00fcndlichen Sichtpr\u00fcfung unterzogen, um Produkte auszuschlie\u00dfen, die nicht den Qualit\u00e4tsstandards entsprechen.[\/vc_column_text][vc_separator el_width=&#8220;40&#8243;][\/vc_column][vc_column width=&#8220;1\/2&#8243; css=&#8220;.vc_custom_1547920102253{padding-right: 10px !important;padding-left: 10px !important;}&#8220;][vc_single_image image=&#8220;1631&#8243; img_size=&#8220;600&#215;350&#8243; onclick=&#8220;link_image&#8220; css_animation=&#8220;zoomIn&#8220; css=&#8220;.vc_custom_1550068744367{padding-top: 15px !important;padding-bottom: 15px !important;}&#8220;][vc_separator el_width=&#8220;40&#8243;][\/vc_column][\/vc_row][vc_row equal_height=&#8220;yes&#8220; content_placement=&#8220;middle&#8220; type=&#8220;vc_default&#8220; css=&#8220;.vc_custom_1548956315158{padding-top: 3px !important;padding-right: 10px !important;padding-bottom: 3px !important;padding-left: 10px !important;}&#8220;][vc_column width=&#8220;1\/2&#8243; css=&#8220;.vc_custom_1547920093843{padding-right: 10px !important;padding-bottom: 5px !important;padding-left: 10px !important;}&#8220;][vc_single_image image=&#8220;1246&#8243; img_size=&#8220;600&#215;350&#8243; onclick=&#8220;link_image&#8220; css_animation=&#8220;zoomIn&#8220; css=&#8220;.vc_custom_1550843547897{padding-top: 15px !important;padding-bottom: 0px !important;}&#8220;][vc_column_text css_animation=&#8220;fadeIn&#8220; css=&#8220;.vc_custom_1550495364695{padding-top: 0px !important;}&#8220; el_class=&#8220;smalltxt&#8220;]foto:\u00a0\u00a9 Helmut Fischer GmbH[\/vc_column_text][\/vc_column][vc_column width=&#8220;1\/2&#8243; css=&#8220;.vc_custom_1547920102253{padding-right: 10px !important;padding-left: 10px !important;}&#8220;][vc_column_text css=&#8220;.vc_custom_1552671036992{padding-top: 10px !important;padding-bottom: 10px !important;}&#8220;]<\/p>\n<h3>5. Technische Qualit\u00e4tskontrolle<\/h3>\n<p>[\/vc_column_text][vc_column_text css=&#8220;.vc_custom_1552671050880{padding-top: 10px !important;padding-bottom: 10px !important;}&#8220;]Die Spektralanalyse erfolgt mit einem speziellen Messger\u00e4t von FISHER, dank dem wir sicher sein k\u00f6nnen, dass die Produkte die REACH-Verordnung zur Beschr\u00e4nkung des Gehalts an Gefahrstoffen wie Nickel, Cadmium und Blei erf\u00fcllen.[\/vc_column_text][vc_separator el_width=&#8220;40&#8243;][\/vc_column][\/vc_row][vc_row equal_height=&#8220;yes&#8220; rtl_reverse=&#8220;yes&#8220; content_placement=&#8220;middle&#8220; bg_type=&#8220;bg_color&#8220; bg_override=&#8220;ex-full&#8220; type=&#8220;vc_default&#8220; css=&#8220;.vc_custom_1548956307808{padding-top: 3px !important;padding-right: 10px !important;padding-bottom: 3px !important;padding-left: 10px !important;}&#8220; el_class=&#8220;rowrow&#8220; bg_color_value=&#8220;#f4f4f4&#8243;][vc_column width=&#8220;1\/2&#8243; css=&#8220;.vc_custom_1547920093843{padding-right: 10px !important;padding-bottom: 5px !important;padding-left: 10px !important;}&#8220;][vc_column_text css=&#8220;.vc_custom_1552671065607{padding-top: 10px !important;padding-bottom: 10px !important;}&#8220;]<\/p>\n<h3>6. Fertiges Produkt<\/h3>\n<p>[\/vc_column_text][vc_column_text css=&#8220;.vc_custom_1552671078544{padding-top: 10px !important;padding-bottom: 10px !important;}&#8220;]Das Endergebnis ist sch\u00f6ner Schmuck, der bei vielen unserer aktuellen Kunden Anerkennung findet.[\/vc_column_text][vc_separator el_width=&#8220;40&#8243;][\/vc_column][vc_column width=&#8220;1\/2&#8243; css=&#8220;.vc_custom_1547920102253{padding-right: 10px !important;padding-left: 10px !important;}&#8220;][vc_single_image image=&#8220;9668&#8243; img_size=&#8220;full&#8220; onclick=&#8220;link_image&#8220; css_animation=&#8220;zoomIn&#8220; css=&#8220;.vc_custom_1697191079591{padding-top: 15px !important;padding-bottom: 15px !important;}&#8220;][vc_separator el_width=&#8220;40&#8243;][\/vc_column][\/vc_row]<\/p>\n<\/div>","protected":false},"excerpt":{"rendered":"<p>[vc_row equal_height=&#8220;yes&#8220; type=&#8220;vc_default&#8220; css=&#8220;.vc_custom_1547973523477{margin-right: 0px !important;margin-left: 0px !important;padding-top: 20px !important;padding-right: 5px !important;padding-bottom: 25px !important;padding-left: 5px !important;}&#8220;][vc_column][vc_empty_space height=&#8220;22px&#8220;][vc_column_text el_class=&#8220;heading1&#8243;] Herstellung von silberschmuck [\/vc_column_text][\/vc_column][\/vc_row][vc_row equal_height=&#8220;yes&#8220; content_placement=&#8220;middle&#8220; type=&#8220;vc_default&#8220; css=&#8220;.vc_custom_1695646420455{padding-top: 2px !important;padding-right: 10px !important;padding-bottom: 2px !important;padding-left: 10px !important;}&#8220; el_id=&#8220;design-jewelry&#8220;][vc_column width=&#8220;1\/2&#8243; css=&#8220;.vc_custom_1547920093843{padding-right: 10px !important;padding-bottom: 5px !important;padding-left: 10px !important;}&#8220;][vc_single_image image=&#8220;1250&#8243; img_size=&#8220;600&#215;350&#8243; onclick=&#8220;link_image&#8220; css_animation=&#8220;zoomIn&#8220; css=&#8220;.vc_custom_1548956250328{padding-top: 15px !important;padding-bottom: 15px !important;}&#8220;][\/vc_column][vc_column width=&#8220;1\/2&#8243; css=&#8220;.vc_custom_1547920102253{padding-right: 10px&hellip;<\/p>\n","protected":false},"author":1,"featured_media":0,"parent":0,"menu_order":0,"comment_status":"closed","ping_status":"closed","template":"","meta":{"footnotes":""},"class_list":["post-2027","page","type-page","status-publish","hentry","description-off"],"_links":{"self":[{"href":"https:\/\/srebrolex.pl\/de\/wp-json\/wp\/v2\/pages\/2027","targetHints":{"allow":["GET"]}}],"collection":[{"href":"https:\/\/srebrolex.pl\/de\/wp-json\/wp\/v2\/pages"}],"about":[{"href":"https:\/\/srebrolex.pl\/de\/wp-json\/wp\/v2\/types\/page"}],"author":[{"embeddable":true,"href":"https:\/\/srebrolex.pl\/de\/wp-json\/wp\/v2\/users\/1"}],"replies":[{"embeddable":true,"href":"https:\/\/srebrolex.pl\/de\/wp-json\/wp\/v2\/comments?post=2027"}],"version-history":[{"count":4,"href":"https:\/\/srebrolex.pl\/de\/wp-json\/wp\/v2\/pages\/2027\/revisions"}],"predecessor-version":[{"id":10708,"href":"https:\/\/srebrolex.pl\/de\/wp-json\/wp\/v2\/pages\/2027\/revisions\/10708"}],"wp:attachment":[{"href":"https:\/\/srebrolex.pl\/de\/wp-json\/wp\/v2\/media?parent=2027"}],"curies":[{"name":"wp","href":"https:\/\/api.w.org\/{rel}","templated":true}]}}