{"id":2079,"date":"2019-03-16T14:41:28","date_gmt":"2019-03-16T14:41:28","guid":{"rendered":"http:\/\/srebrolex.pl\/?page_id=2079"},"modified":"2019-05-13T07:53:57","modified_gmt":"2019-05-13T07:53:57","slug":"datenschutz","status":"publish","type":"page","link":"https:\/\/srebrolex.pl\/de\/datenschutz\/","title":{"rendered":"Datenschutz"},"content":{"rendered":"<div class=\"wpb-content-wrapper\"><p>[vc_row equal_height=&#8220;yes&#8220; type=&#8220;vc_default&#8220; css=&#8220;.vc_custom_1547973523477{margin-right: 0px !important;margin-left: 0px !important;padding-top: 20px !important;padding-right: 5px !important;padding-bottom: 25px !important;padding-left: 5px !important;}&#8220;][vc_column][vc_empty_space height=&#8220;22px&#8220;][vc_column_text el_class=&#8220;heading1&#8243;]<\/p>\n<h1 style=\"text-align: center;\">Erf\u00fcllung der informationspflicht gegen\u00fcber den eigent\u00fcmern der von uns verarbeiteten personenbezogenen daten Produktions- und Handelsunternehme\u00a0\u201cSrebrolex\u201d Bogus\u0142aw Zamojski<\/h1>\n<p>[\/vc_column_text][\/vc_column][\/vc_row][vc_row equal_height=&#8220;yes&#8220; type=&#8220;vc_default&#8220; css=&#8220;.vc_custom_1550317479403{padding-top: 10px !important;padding-right: 10px !important;padding-bottom: 10px !important;padding-left: 10px !important;}&#8220; el_class=&#8220;custom_services&#8220;][vc_column css=&#8220;.vc_custom_1547920093843{padding-right: 10px !important;padding-bottom: 5px !important;padding-left: 10px !important;}&#8220;][vc_column_text css=&#8220;.vc_custom_1557734033034{padding-top: 5px !important;padding-bottom: 10px !important;}&#8220; el_class=&#8220;plileft&#8220;]Gem\u00e4\u00df den Anforderungen von Art. 13 und 14 der DSGV (Verordnung (EU) Nr. 2016\/679 des Europ\u00e4ischen Parlaments und des Rates vom 27. April 2016 zum Schutz nat\u00fcrlicher Personen bei der Verarbeitung personenbezogener Daten und zum freien Datenverkehr und zur Aufhebung der Richtlinie 95\/46\/EG) teilt das <strong>Produktions- und Handelsunternehmen &#8222;Srebrolex&#8220; Bogus\u0142aw Zamojski<\/strong> mit, dass das Unternehmen personenbezogene Daten verarbeitet und auf der Grundlage von Art. 6 Abs. 1 der DSGV als Verantwortlicher gilt.<\/p>\n<p><strong>Jede Person, deren Daten wir verarbeiten, hat das Recht, vom Verantwortlichen Zugang zu ihren personenbezogenen Daten zu verlangen, das Recht auf Berichtigung, Korrektur, L\u00f6schung der Daten oder Einschr\u00e4nkung deren Verarbeitung. Dar\u00fcber hinaus teilen wir Ihnen mit, dass jede betroffene Person das Recht hat, der Verarbeitung zu widersprechen und die Daten zu \u00fcbertragen. Sie haben das Recht, bei der Aufsichtsbeh\u00f6rde eine Beschwerde gegen die Verarbeitung, an die Adresse: ul. Stawki 2, 00-193 Warszawa, einzureichen.<\/strong> Die Daten werden nicht automatisiert verarbeitet und nicht profiliert. F\u00fcr die Bearbeitung Ihrer Anfragen k\u00f6nnen Sie uns unter folgender Adresse kontaktieren: Produktions- und Handelsunternehmen &#8222;Srebrolex&#8220; Bogus\u0142aw Zamojski, ul. Wiosenna 12, 64-100 Leszno, <strong>und unter folgender<\/strong> E-Mail-Adresse:&#x69;n&#x66;&#111;&#x40;&#115;r&#x65;&#98;&#x72;&#111;l&#x65;&#120;&#x2e;&#112;l.<\/p>\n<p style=\"text-align: left;\" align=\"JUSTIFY\"><b>Betreff:<\/b><\/p>\n<ol style=\"text-align: left;\" type=\"I\">\n<li>\n<p align=\"JUSTIFY\"><span style=\"font-size: large;\"><b>Partner und Kunden<\/b><\/span><\/p>\n<\/li>\n<\/ol>\n<p>In Erf\u00fcllung der Informationspflicht gegen\u00fcber den Eigent\u00fcmern personenbezogener Daten teilen wir Ihnen mit, dass Ihre personenbezogenen Daten in unserem Unternehmen f\u00fcr folgende Zwecke verarbeitet werden:<\/p>\n<ul>\n<li>gesch\u00e4ftliche Zusammenarbeit oder Lieferung\/Kauf von Waren und Dienstleistungen und werden im Rahmen eines abgeschlossenen Kaufvertrages oder einer sonstigen Gesch\u00e4ftsvereinbarung gem\u00e4\u00df Art. 6 Abs. 1 Buchstabe b) der DSGV verarbeitet.<\/li>\n<li>Erf\u00fcllung rechtlicher Verpflichtungen (Steuerzwecke, Buchf\u00fchrung, Geltendmachung von Forderungen) und werden auf der Grundlage von Art. 6 Abs. 1 Buchstabe c) der DSGV verarbeitet.<\/li>\n<li>Einziehung von Forderungen und Rechtshilfe und werden auf der Grundlage von Art. 6 Abs. 1 Buchstabe f) der DSGV verarbeitet.<\/li>\n<\/ul>\n<p>Der Umfang der verarbeiteten personenbezogenen Daten ergibt sich nur und ausschlie\u00dflich aus den gesetzlichen Bestimmungen, oder aus den internen AGB. Die Bereitstellung von Daten zum Zwecke der Zusammenarbeit ist f\u00fcr die Durchf\u00fchrung des Kaufs oder der Dienstleistung und f\u00fcr die Ausstellung einer Rechnung erforderlich. Die Empf\u00e4nger von personenbezogenen Daten sind nur und ausschlie\u00dflich durch rechtliche Vorschriften bestimmt. Es sind auch die Vertragspartner: Unternehmen, die unsere IT-Systeme betreuen, Gesch\u00e4ftsberatung, kaufm\u00e4nnische Abwicklung, E-Mail-Hosting und Rechtsberatung. Personenbezogene Daten werden 5 Jahre nach dem letzten durch eine Rechnung best\u00e4tigten wirtschaftlichen Ereignis oder 10 Jahre nach Vertragsende verarbeitet.<\/p>\n<p>&nbsp;<\/p>\n<ol style=\"text-align: left;\" start=\"2\" type=\"I\">\n<li>\n<p align=\"JUSTIFY\"><span style=\"font-size: large;\"><b>Daten im Zusammenhang mit der Unternehmensf\u00fchrung<\/b><\/span><\/p>\n<\/li>\n<\/ol>\n<p style=\"text-align: left;\" align=\"JUSTIFY\">In Erf\u00fcllung der Informationspflicht gegen\u00fcber den Eigent\u00fcmern personenbezogener Daten teilen wir Ihnen mit, dass Ihre personenbezogenen Daten in unserem Unternehmen f\u00fcr die Zwecke des laufenden Betriebs des Unternehmens auf der Grundlage von Art. 6 Abs. 1 Buchstabe f), d.h. in Kontaktb\u00fcchern, Registern, Postb\u00fcchern usw., verarbeitet werden.<\/p>\n<p style=\"text-align: left;\" align=\"JUSTIFY\"><a name=\"_GoBack\"><\/a><\/p>\n<p>Der Umfang der verarbeiteten personenbezogenen Daten umfasst Kontakt- und Impressumdaten. Die Bereitstellung von Daten ist f\u00fcr die Durchf\u00fchrung der gesch\u00e4ftlichen Zusammenarbeit erforderlich. Die Empf\u00e4nger von personenbezogenen Daten sind nur und ausschlie\u00dflich durch rechtliche Vorschriften bestimmt. Es sind auch die Vertragspartner: Unternehmen, die unsere IT-Systeme betreuen, Gesch\u00e4ftsberatung, kaufm\u00e4nnische Abwicklung, E-Mail-Hosting und Rechtsberatung. Personenbezogene Daten werden 10 Jahre nach dem letzten Kontakt verarbeitet.<\/p>\n<p>&nbsp;<\/p>\n<ol style=\"text-align: left;\" start=\"3\" type=\"I\">\n<li>\n<p align=\"JUSTIFY\"><span style=\"font-size: large;\"><b>E-Mail und Gesch\u00e4ftstelefone<\/b><\/span><\/p>\n<\/li>\n<\/ol>\n<p style=\"text-align: left;\" align=\"JUSTIFY\">In Erf\u00fcllung unserer Informationspflicht gegen\u00fcber den Eigent\u00fcmern der personenbezogenen Daten, mit denen wir mittels Telematik in Kontakt treten, teilen wir Ihnen mit, dass Ihre E-Mail-Adresse oder Telefonnummer in unserem Unternehmen zu Kommunikationszwecken gem\u00e4\u00df Art. 6 Abs. 1 Buchstabe f) der DSGV verarbeitet wird.<\/p>\n<p style=\"text-align: left;\" align=\"JUSTIFY\">Die Bereitstellung der Daten ergibt sich aus der Notwendigkeit einer schnellen Kontaktaufnahme, und die Nichtbereitstellung beschr\u00e4nkt den Kontakt auf die traditionelle Post oder den Kurierdienst. Personenbezogene Daten werden anderen Empf\u00e4ngern auf der Grundlage der Weiterleitung von E-Mails zu einem bestimmten Thema, das in einem gr\u00f6\u00dferen Personenkreis besprochen wird, sowie den Hosting-Service-Providern zur Verf\u00fcgung gestellt.<\/p>\n<p style=\"text-align: left;\" align=\"JUSTIFY\">Personenbezogene Daten wurden aus verschiedenen Quellen erhoben, d.h.:<\/p>\n<ul>\n<li style=\"text-align: left;\">direkt von Ihnen, durch die Vornahme von einer bestimmten Aktivit\u00e4t oder die Unterzeichnung der Einwilligung f\u00fcr den Kontakt mittels Telematik;<\/li>\n<li style=\"text-align: left;\">von \u00f6ffentlichen Webseiten (Kategorien: gew\u00f6hnliche Daten, E-Mail-Adresse, Telefonnummer, Vor- oder Nachname, Adresse).<\/li>\n<\/ul>\n<p style=\"text-align: left;\" align=\"JUSTIFY\">Die Daten werden 10 Jahre lang nach der letzten Kontaktaufnahme oder bis zum Zeitpunkt des Widerspruchs gegen die Verarbeitung oder der Forderung deren L\u00f6schung verarbeitet. Umfang der verarbeiteten Daten: E-Mail-Adresse, Telefonnummer, Name, Adresse, Vor- und Nachname, Inhalt der Informationen.<\/p>\n<p>[\/vc_column_text][\/vc_column][\/vc_row]<\/p>\n<\/div>","protected":false},"excerpt":{"rendered":"<p>[vc_row equal_height=&#8220;yes&#8220; type=&#8220;vc_default&#8220; css=&#8220;.vc_custom_1547973523477{margin-right: 0px !important;margin-left: 0px !important;padding-top: 20px !important;padding-right: 5px !important;padding-bottom: 25px !important;padding-left: 5px !important;}&#8220;][vc_column][vc_empty_space height=&#8220;22px&#8220;][vc_column_text el_class=&#8220;heading1&#8243;] Erf\u00fcllung der informationspflicht gegen\u00fcber den eigent\u00fcmern der von uns verarbeiteten personenbezogenen daten Produktions- und Handelsunternehme\u00a0\u201cSrebrolex\u201d Bogus\u0142aw Zamojski [\/vc_column_text][\/vc_column][\/vc_row][vc_row equal_height=&#8220;yes&#8220; type=&#8220;vc_default&#8220; css=&#8220;.vc_custom_1550317479403{padding-top: 10px !important;padding-right: 10px !important;padding-bottom: 10px !important;padding-left: 10px !important;}&#8220; el_class=&#8220;custom_services&#8220;][vc_column css=&#8220;.vc_custom_1547920093843{padding-right: 10px !important;padding-bottom: 5px !important;padding-left: 10px !important;}&#8220;][vc_column_text&hellip;<\/p>\n","protected":false},"author":1,"featured_media":0,"parent":0,"menu_order":0,"comment_status":"closed","ping_status":"closed","template":"","meta":{"footnotes":""},"class_list":["post-2079","page","type-page","status-publish","hentry","description-off"],"_links":{"self":[{"href":"https:\/\/srebrolex.pl\/de\/wp-json\/wp\/v2\/pages\/2079","targetHints":{"allow":["GET"]}}],"collection":[{"href":"https:\/\/srebrolex.pl\/de\/wp-json\/wp\/v2\/pages"}],"about":[{"href":"https:\/\/srebrolex.pl\/de\/wp-json\/wp\/v2\/types\/page"}],"author":[{"embeddable":true,"href":"https:\/\/srebrolex.pl\/de\/wp-json\/wp\/v2\/users\/1"}],"replies":[{"embeddable":true,"href":"https:\/\/srebrolex.pl\/de\/wp-json\/wp\/v2\/comments?post=2079"}],"version-history":[{"count":0,"href":"https:\/\/srebrolex.pl\/de\/wp-json\/wp\/v2\/pages\/2079\/revisions"}],"wp:attachment":[{"href":"https:\/\/srebrolex.pl\/de\/wp-json\/wp\/v2\/media?parent=2079"}],"curies":[{"name":"wp","href":"https:\/\/api.w.org\/{rel}","templated":true}]}}