{"id":8614,"date":"2023-09-25T12:11:38","date_gmt":"2023-09-25T12:11:38","guid":{"rendered":"http:\/\/srebrolex.pl\/?page_id=8614"},"modified":"2024-02-16T12:33:07","modified_gmt":"2024-02-16T12:33:07","slug":"zugangsregelungen-fuer-grosshandelskunden","status":"publish","type":"page","link":"https:\/\/srebrolex.pl\/de\/zugangsregelungen-fuer-grosshandelskunden\/","title":{"rendered":"Zugangsregelungen f\u00fcr Gro\u00dfhandelskunden"},"content":{"rendered":"<div class=\"wpb-content-wrapper\"><p>[vc_row equal_height=&#8220;yes&#8220; type=&#8220;vc_default&#8220; css=&#8220;.vc_custom_1547973523477{margin-right: 0px !important;margin-left: 0px !important;padding-top: 20px !important;padding-right: 5px !important;padding-bottom: 25px !important;padding-left: 5px !important;}&#8220;][vc_column][vc_empty_space height=&#8220;22px&#8220;][vc_column_text el_class=&#8220;heading1&#8243; css=&#8220;.vc_custom_1695643937612{margin-bottom: 5px !important;padding-bottom: 0px !important;}&#8220;]<\/p>\n<h1 style=\"text-align: center;\">Zugangsregelungen f\u00fcr Gro\u00dfhandelskunden<\/h1>\n<p>[\/vc_column_text][\/vc_column][\/vc_row][vc_row equal_height=&#8220;yes&#8220; content_placement=&#8220;middle&#8220; type=&#8220;vc_default&#8220; css=&#8220;.vc_custom_1680274200785{margin-right: 0px !important;margin-left: 0px !important;padding-top: 20px !important;padding-right: 5px !important;padding-bottom: 25px !important;padding-left: 5px !important;}&#8220;][vc_column]<style type=\"text\/css\" data-type=\"the7_shortcodes-inline-css\">.gallery-shortcode.gallery-masonry-shortcode-id-f2365c89ded80fc60ecc544c8b2f8b53 figure,\n.gallery-shortcode.gallery-masonry-shortcode-id-f2365c89ded80fc60ecc544c8b2f8b53 .rollover,\n.gallery-shortcode.gallery-masonry-shortcode-id-f2365c89ded80fc60ecc544c8b2f8b53 img,\n.gallery-shortcode.gallery-masonry-shortcode-id-f2365c89ded80fc60ecc544c8b2f8b53 .gallery-rollover {\n  border-radius: 0px;\n}\n.gallery-shortcode.gallery-masonry-shortcode-id-f2365c89ded80fc60ecc544c8b2f8b53.enable-bg-rollover .gallery-rollover {\n  background: -webkit-linear-gradient();\n  background: linear-gradient();\n}\n.gallery-shortcode.gallery-masonry-shortcode-id-f2365c89ded80fc60ecc544c8b2f8b53.enable-bg-rollover.hover-scale figure .rollover:after {\n  background: -webkit-linear-gradient();\n  background: linear-gradient();\n}\n.gallery-shortcode.gallery-masonry-shortcode-id-f2365c89ded80fc60ecc544c8b2f8b53 .gallery-zoom-ico {\n  width: 44px;\n  height: 44px;\n  line-height: 44px;\n  border-radius: 100px;\n  margin: -22px 0 0 -22px;\n  border-width: 0px;\n  color: #ffffff;\n}\n.dt-icon-bg-on.gallery-shortcode.gallery-masonry-shortcode-id-f2365c89ded80fc60ecc544c8b2f8b53 .gallery-zoom-ico {\n  background: rgba(255,255,255,0.3);\n  box-shadow: none;\n}\n.gallery-shortcode.gallery-masonry-shortcode-id-f2365c89ded80fc60ecc544c8b2f8b53 .gallery-zoom-ico:before,\n.gallery-shortcode.gallery-masonry-shortcode-id-f2365c89ded80fc60ecc544c8b2f8b53 .gallery-zoom-ico span {\n  font-size: 32px;\n  line-height: 44px;\n  color: #ffffff;\n}\n.gallery-shortcode.gallery-masonry-shortcode-id-f2365c89ded80fc60ecc544c8b2f8b53:not(.resize-by-browser-width) .dt-css-grid {\n  grid-row-gap: 10px;\n  grid-column-gap: 10px;\n  grid-template-columns: repeat(auto-fill,minmax(,1fr));\n}\n.gallery-shortcode.gallery-masonry-shortcode-id-f2365c89ded80fc60ecc544c8b2f8b53:not(.resize-by-browser-width) .dt-css-grid .double-width {\n  grid-column: span 2;\n}\n.cssgridlegacy.no-cssgrid .gallery-shortcode.gallery-masonry-shortcode-id-f2365c89ded80fc60ecc544c8b2f8b53:not(.resize-by-browser-width) .dt-css-grid,\n.no-cssgridlegacy.no-cssgrid .gallery-shortcode.gallery-masonry-shortcode-id-f2365c89ded80fc60ecc544c8b2f8b53:not(.resize-by-browser-width) .dt-css-grid {\n  display: flex;\n  flex-flow: row wrap;\n  margin: -5px;\n}\n.cssgridlegacy.no-cssgrid .gallery-shortcode.gallery-masonry-shortcode-id-f2365c89ded80fc60ecc544c8b2f8b53:not(.resize-by-browser-width) .dt-css-grid .wf-cell,\n.no-cssgridlegacy.no-cssgrid .gallery-shortcode.gallery-masonry-shortcode-id-f2365c89ded80fc60ecc544c8b2f8b53:not(.resize-by-browser-width) .dt-css-grid .wf-cell {\n  flex: 1 0 ;\n  max-width: 100%;\n  padding: 5px;\n  box-sizing: border-box;\n}\n.gallery-shortcode.gallery-masonry-shortcode-id-f2365c89ded80fc60ecc544c8b2f8b53.resize-by-browser-width .dt-css-grid {\n  grid-template-columns: repeat(3,1fr);\n  grid-template-rows: auto;\n  grid-column-gap: 10px;\n  grid-row-gap: 10px;\n}\n.gallery-shortcode.gallery-masonry-shortcode-id-f2365c89ded80fc60ecc544c8b2f8b53.resize-by-browser-width .dt-css-grid .double-width {\n  grid-column: span 2;\n}\n.cssgridlegacy.no-cssgrid .gallery-shortcode.gallery-masonry-shortcode-id-f2365c89ded80fc60ecc544c8b2f8b53.resize-by-browser-width .dt-css-grid {\n  margin: -5px;\n}\n.cssgridlegacy.no-cssgrid .gallery-shortcode.gallery-masonry-shortcode-id-f2365c89ded80fc60ecc544c8b2f8b53.resize-by-browser-width .dt-css-grid .wf-cell {\n  width: 33.333333333333%;\n  padding: 5px;\n}\n.cssgridlegacy.no-cssgrid .gallery-shortcode.gallery-masonry-shortcode-id-f2365c89ded80fc60ecc544c8b2f8b53.resize-by-browser-width .dt-css-grid .wf-cell.double-width {\n  width: calc(33.333333333333%) * 2;\n}\n.gallery-shortcode.gallery-masonry-shortcode-id-f2365c89ded80fc60ecc544c8b2f8b53.resize-by-browser-width:not(.centered-layout-list):not(.content-bg-on) .dt-css-grid {\n  grid-row-gap: 10px - ;\n}\n@media screen and (max-width: 1199px) {\n  .gallery-shortcode.gallery-masonry-shortcode-id-f2365c89ded80fc60ecc544c8b2f8b53.resize-by-browser-width .dt-css-grid {\n    grid-template-columns: repeat(3,1fr);\n  }\n  .cssgridlegacy.no-cssgrid .gallery-shortcode.gallery-masonry-shortcode-id-f2365c89ded80fc60ecc544c8b2f8b53.resize-by-browser-width .dt-css-grid .wf-cell,\n  .no-cssgridlegacy.no-cssgrid .gallery-shortcode.gallery-masonry-shortcode-id-f2365c89ded80fc60ecc544c8b2f8b53.resize-by-browser-width .dt-css-grid .wf-cell {\n    width: 33.333333333333%;\n  }\n  .cssgridlegacy.no-cssgrid .gallery-shortcode.gallery-masonry-shortcode-id-f2365c89ded80fc60ecc544c8b2f8b53.resize-by-browser-width .dt-css-grid .wf-cell.double-width,\n  .no-cssgridlegacy.no-cssgrid .gallery-shortcode.gallery-masonry-shortcode-id-f2365c89ded80fc60ecc544c8b2f8b53.resize-by-browser-width .dt-css-grid .wf-cell.double-width {\n    width: calc(33.333333333333%)*2;\n  }\n}\n@media screen and (max-width: 991px) {\n  .gallery-shortcode.gallery-masonry-shortcode-id-f2365c89ded80fc60ecc544c8b2f8b53.resize-by-browser-width .dt-css-grid {\n    grid-template-columns: repeat(3,1fr);\n  }\n  .cssgridlegacy.no-cssgrid .gallery-shortcode.gallery-masonry-shortcode-id-f2365c89ded80fc60ecc544c8b2f8b53.resize-by-browser-width .dt-css-grid .wf-cell,\n  .no-cssgridlegacy.no-cssgrid .gallery-shortcode.gallery-masonry-shortcode-id-f2365c89ded80fc60ecc544c8b2f8b53.resize-by-browser-width .dt-css-grid .wf-cell {\n    width: 33.333333333333%;\n  }\n  .cssgridlegacy.no-cssgrid .gallery-shortcode.gallery-masonry-shortcode-id-f2365c89ded80fc60ecc544c8b2f8b53.resize-by-browser-width .dt-css-grid .wf-cell.double-width,\n  .no-cssgridlegacy.no-cssgrid .gallery-shortcode.gallery-masonry-shortcode-id-f2365c89ded80fc60ecc544c8b2f8b53.resize-by-browser-width .dt-css-grid .wf-cell.double-width {\n    width: calc(33.333333333333%)*2;\n  }\n}\n@media screen and (max-width: 767px) {\n  .gallery-shortcode.gallery-masonry-shortcode-id-f2365c89ded80fc60ecc544c8b2f8b53.resize-by-browser-width .dt-css-grid {\n    grid-template-columns: repeat(1,1fr);\n  }\n  .cssgridlegacy.no-cssgrid .gallery-shortcode.gallery-masonry-shortcode-id-f2365c89ded80fc60ecc544c8b2f8b53.resize-by-browser-width .dt-css-grid .wf-cell,\n  .no-cssgridlegacy.no-cssgrid .gallery-shortcode.gallery-masonry-shortcode-id-f2365c89ded80fc60ecc544c8b2f8b53.resize-by-browser-width .dt-css-grid .wf-cell {\n    width: 100%;\n  }\n  .cssgridlegacy.no-cssgrid .gallery-shortcode.gallery-masonry-shortcode-id-f2365c89ded80fc60ecc544c8b2f8b53.resize-by-browser-width .dt-css-grid .wf-cell.double-width,\n  .no-cssgridlegacy.no-cssgrid .gallery-shortcode.gallery-masonry-shortcode-id-f2365c89ded80fc60ecc544c8b2f8b53.resize-by-browser-width .dt-css-grid .wf-cell.double-width {\n    width: calc(100%)*2;\n  }\n}\n<\/style><div class=\"gallery-shortcode dt-gallery-container gallery-masonry-shortcode-id-f2365c89ded80fc60ecc544c8b2f8b53 mode-grid jquery-filter dt-icon-bg-off dt-css-grid-wrap enable-bg-rollover resize-by-browser-width  hover-fade loading-effect-none description-on-hover\" data-padding=\"5px\" data-cur-page=\"1\" data-post-limit=\"-1\" data-pagination-mode=\"none\" data-desktop-columns-num=\"3\" data-v-tablet-columns-num=\"3\" data-h-tablet-columns-num=\"3\" data-phone-columns-num=\"1\" data-width=\"0px\" data-columns=\"0\"><div class=\"dt-css-grid\" ><div class=\"wf-cell\" data-post-id=\"8568\" data-date=\"2023-09-09T04:58:00+00:00\" data-name=\"Three dimensional image of computer\"><figure class=\"post visible\"><a href=\"https:\/\/srebrolex.pl\/wp-content\/uploads\/2023\/09\/hurtownia-bizuterii-sklep.jpg\" class=\"rollover dt-pswp-item layzr-bg\" data-large_image_width=\"1500\" data-large_image_height=\"1255\" data-dt-img-description=\"\" title=\"Three dimensional image of computer\"><img fetchpriority=\"high\" decoding=\"async\" class=\"preload-me iso-lazy-load aspect\" src=\"data:image\/svg+xml,%3Csvg%20xmlns%3D&#39;http%3A%2F%2Fwww.w3.org%2F2000%2Fsvg&#39;%20viewBox%3D&#39;0%200%20768%20643&#39;%2F%3E\" data-src=\"https:\/\/srebrolex.pl\/wp-content\/uploads\/2023\/09\/hurtownia-bizuterii-sklep-768x643.jpg\" data-srcset=\"https:\/\/srebrolex.pl\/wp-content\/uploads\/2023\/09\/hurtownia-bizuterii-sklep-768x643.jpg 768w, https:\/\/srebrolex.pl\/wp-content\/uploads\/2023\/09\/hurtownia-bizuterii-sklep-1152x965.jpg 1152w\" loading=\"eager\" style=\"--ratio: 768 \/ 643\" sizes=\"(max-width: 768px) 100vw, 768px\" alt=\"\" width=\"768\" height=\"643\"  \/><span class=\"gallery-rollover\"><span class=\"gallery-zoom-ico icomoon-the7-font-the7-zoom-06\"><span><\/span><\/span><\/span><\/a><\/figure><\/div><div class=\"wf-cell\" data-post-id=\"8641\" data-date=\"2023-09-11T07:00:18+00:00\" data-name=\"Three dimensional image of computer\"><figure class=\"post visible\"><a href=\"https:\/\/srebrolex.pl\/wp-content\/uploads\/2023\/09\/hurtownia-bizuterii-zawieszki.jpg\" class=\"rollover dt-pswp-item layzr-bg\" data-large_image_width=\"1500\" data-large_image_height=\"1255\" data-dt-img-description=\"\" title=\"Three dimensional image of computer\"><img decoding=\"async\" class=\"preload-me iso-lazy-load aspect\" src=\"data:image\/svg+xml,%3Csvg%20xmlns%3D&#39;http%3A%2F%2Fwww.w3.org%2F2000%2Fsvg&#39;%20viewBox%3D&#39;0%200%20768%20643&#39;%2F%3E\" data-src=\"https:\/\/srebrolex.pl\/wp-content\/uploads\/2023\/09\/hurtownia-bizuterii-zawieszki-768x643.jpg\" data-srcset=\"https:\/\/srebrolex.pl\/wp-content\/uploads\/2023\/09\/hurtownia-bizuterii-zawieszki-768x643.jpg 768w, https:\/\/srebrolex.pl\/wp-content\/uploads\/2023\/09\/hurtownia-bizuterii-zawieszki-1152x965.jpg 1152w\" loading=\"eager\" style=\"--ratio: 768 \/ 643\" sizes=\"(max-width: 768px) 100vw, 768px\" alt=\"jeweley \" width=\"768\" height=\"643\"  \/><span class=\"gallery-rollover\"><span class=\"gallery-zoom-ico icomoon-the7-font-the7-zoom-06\"><span><\/span><\/span><\/span><\/a><\/figure><\/div><div class=\"wf-cell\" data-post-id=\"8638\" data-date=\"2023-09-11T07:00:14+00:00\" data-name=\"Three dimensional image of computer\"><figure class=\"post visible\"><a href=\"https:\/\/srebrolex.pl\/wp-content\/uploads\/2023\/09\/hurtownia-bizuterii-sklep-online.jpg\" class=\"rollover dt-pswp-item layzr-bg\" data-large_image_width=\"1500\" data-large_image_height=\"1255\" data-dt-img-description=\"\" title=\"Three dimensional image of computer\"><img decoding=\"async\" class=\"preload-me iso-lazy-load aspect\" src=\"data:image\/svg+xml,%3Csvg%20xmlns%3D&#39;http%3A%2F%2Fwww.w3.org%2F2000%2Fsvg&#39;%20viewBox%3D&#39;0%200%20768%20643&#39;%2F%3E\" data-src=\"https:\/\/srebrolex.pl\/wp-content\/uploads\/2023\/09\/hurtownia-bizuterii-sklep-online-768x643.jpg\" data-srcset=\"https:\/\/srebrolex.pl\/wp-content\/uploads\/2023\/09\/hurtownia-bizuterii-sklep-online-768x643.jpg 768w, https:\/\/srebrolex.pl\/wp-content\/uploads\/2023\/09\/hurtownia-bizuterii-sklep-online-1152x965.jpg 1152w\" loading=\"eager\" style=\"--ratio: 768 \/ 643\" sizes=\"(max-width: 768px) 100vw, 768px\" alt=\"wholesale jewelery europe\" width=\"768\" height=\"643\"  \/><span class=\"gallery-rollover\"><span class=\"gallery-zoom-ico icomoon-the7-font-the7-zoom-06\"><span><\/span><\/span><\/span><\/a><\/figure><\/div><\/div><!-- iso-container|iso-grid --><\/div>[\/vc_column][\/vc_row][vc_row equal_height=&#8220;yes&#8220; content_placement=&#8220;middle&#8220; type=&#8220;vc_default&#8220; css=&#8220;.vc_custom_1680274200785{margin-right: 0px !important;margin-left: 0px !important;padding-top: 20px !important;padding-right: 5px !important;padding-bottom: 25px !important;padding-left: 5px !important;}&#8220;][vc_column][vc_separator color=&#8220;custom&#8220; accent_color=&#8220;#324393&#8243;]<div class=\"aio-icon-component  vc_custom_1694281994552   style_1\"><div id=\"Info-box-wrap-7350\" class=\"aio-icon-box top-icon\" style=\"\"  ><div class=\"aio-icon-top\"><div class=\"ult-just-icon-wrapper  \"><div class=\"align-icon\" style=\"text-align:center;\">\n<div class=\"aio-icon none \"  style=\"color:#727272;font-size:48px;display:inline-block;\">\n\t<i class=\"icomoon-font-awesome-14x14-file-text-o\"><\/i>\n<\/div><\/div><\/div><\/div><\/div> <!-- aio-icon-box --><\/div> <!-- aio-icon-component -->[vc_column_text el_class=&#8220;heading1&#8243; css=&#8220;.vc_custom_1695643994029{margin-bottom: 5px !important;padding-bottom: 0px !important;}&#8220;]<\/p>\n<h1 style=\"text-align: center;\">Online-Shop-Bestimmungen<\/h1>\n<p>[\/vc_column_text][\/vc_column][\/vc_row][vc_row equal_height=&#8220;yes&#8220; content_placement=&#8220;middle&#8220; type=&#8220;vc_default&#8220; css=&#8220;.vc_custom_1694282086712{margin-right: 0px !important;margin-left: 0px !important;padding-top: 20px !important;padding-right: 5px !important;padding-bottom: 25px !important;padding-left: 5px !important;}&#8220;][vc_column][vc_column_text]Die Online-Plattform <a href=\"https:\/\/srebrolex.com.pl\/\">www.srebrolex.com.pl<\/a> dient zum Durchsuchen des aktuellen Produktangebots und zum Aufgeben von Bestellungen. Es ist nur f\u00fcr Gro\u00dfhandelskunden verf\u00fcgbar.<\/p>\n<p>Alle angegebenen Preise sind Nettopreise und gelten f\u00fcr ein St\u00fcck\/Paar eines bestimmten Modells.<\/p>\n<p>-Mindestnettobestellwert 5.000 PLN<br \/>\n-Mindestbestellmenge f\u00fcr ein Modell: 5 St\u00fcck<\/p>\n<p>Bestellungen werden innerhalb von 2 Werktagen bearbeitet<br \/>\n-Zahlung per \u00dcberweisung vor dem Versand<br \/>\n&#8211; Der Versand erfolgt auf Kosten und Gefahr des K\u00e4ufers<\/p>\n<p>Um Zugang zur Plattform zu erhalten, senden Sie bitte Ihre Firmendaten an die E-Mail-Adresse: <a href=\"&#x6d;&#x61;&#105;&#108;t&#x6f;&#x3a;&#x69;&#110;&#102;o&#x40;&#x73;&#x72;&#101;&#98;r&#x6f;&#x6c;&#x65;&#120;&#46;p&#x6c;\">&#x69;n&#x66;&#111;&#x40;&#x73;r&#x65;&#98;&#x72;&#x6f;l&#x65;&#120;&#x2e;&#x70;l<\/a>[\/vc_column_text][vc_separator color=&#8220;custom&#8220; accent_color=&#8220;#324393&#8243;][\/vc_column][\/vc_row][vc_row equal_height=&#8220;yes&#8220; content_placement=&#8220;middle&#8220; type=&#8220;vc_default&#8220; css=&#8220;.vc_custom_1694282741485{margin-right: 0px !important;margin-left: 0px !important;padding-top: 20px !important;padding-right: 5px !important;padding-bottom: 25px !important;padding-left: 5px !important;}&#8220;][vc_column width=&#8220;1\/2&#8243;]<div class=\"aio-icon-component  vc_custom_1708086543779   style_1\"><a class=\"aio-icon-box-link\" href=\"https:\/\/srebrolex.com.pl\/\" target=\"_blank\" rel=\"noopener\" ><div id=\"Info-box-wrap-8765\" class=\"aio-icon-box top-icon\" style=\"\"  ><div class=\"aio-icon-top\"><div class=\"ult-just-icon-wrapper  \"><div class=\"align-icon\" style=\"text-align:center;\">\n<div class=\"aio-icon none \"  style=\"color:#324393;font-size:44px;display:inline-block;\">\n\t<i class=\"icomoon-the7-font-the7-login-00\"><\/i>\n<\/div><\/div><\/div><\/div><\/div> <!-- aio-icon-box --><\/a><\/div> <!-- aio-icon-component --><style type=\"text\/css\" data-type=\"the7_shortcodes-inline-css\">#default-btn-d2ce3743715d511b1aed98158adba339.ico-right-side > i {\n  margin-right: 0px;\n  margin-left: 8px;\n}\n#default-btn-d2ce3743715d511b1aed98158adba339 > i {\n  margin-right: 8px;\n}\n<\/style><div class=\"btn-align-center\"><a href=\"https:\/\/srebrolex.com.pl\/\" class=\"default-btn-shortcode dt-btn dt-btn-s link-hover-off  vc_custom_1708086626803\" target=\"_blank\" id=\"default-btn-d2ce3743715d511b1aed98158adba339\" rel=\"noopener\"><span>Zugang erhalten -&gt;<\/span><\/a><\/div>[\/vc_column][vc_column width=&#8220;1\/2&#8243;][vc_single_image image=&#8220;8626&#8243; img_size=&#8220;large&#8220; alignment=&#8220;center&#8220; onclick=&#8220;custom_link&#8220; img_link_target=&#8220;_blank&#8220; lazy_loading=&#8220;true&#8220; link=&#8220;https:\/\/srebrolex.com.pl\/&#8220;][\/vc_column][\/vc_row][vc_row equal_height=&#8220;yes&#8220; content_placement=&#8220;middle&#8220; type=&#8220;vc_default&#8220; css=&#8220;.vc_custom_1680274200785{margin-right: 0px !important;margin-left: 0px !important;padding-top: 20px !important;padding-right: 5px !important;padding-bottom: 25px !important;padding-left: 5px !important;}&#8220;][vc_column][vc_separator color=&#8220;custom&#8220; accent_color=&#8220;#324393&#8243;][\/vc_column][\/vc_row]<\/p>\n<\/div>","protected":false},"excerpt":{"rendered":"<p>[vc_row equal_height=&#8220;yes&#8220; type=&#8220;vc_default&#8220; css=&#8220;.vc_custom_1547973523477{margin-right: 0px !important;margin-left: 0px !important;padding-top: 20px !important;padding-right: 5px !important;padding-bottom: 25px !important;padding-left: 5px !important;}&#8220;][vc_column][vc_empty_space height=&#8220;22px&#8220;][vc_column_text el_class=&#8220;heading1&#8243; css=&#8220;.vc_custom_1695643937612{margin-bottom: 5px !important;padding-bottom: 0px !important;}&#8220;] Zugangsregelungen f\u00fcr Gro\u00dfhandelskunden [\/vc_column_text][\/vc_column][\/vc_row][vc_row equal_height=&#8220;yes&#8220; content_placement=&#8220;middle&#8220; type=&#8220;vc_default&#8220; css=&#8220;.vc_custom_1680274200785{margin-right: 0px !important;margin-left: 0px !important;padding-top: 20px !important;padding-right: 5px !important;padding-bottom: 25px !important;padding-left: 5px !important;}&#8220;][vc_column][\/vc_column][\/vc_row][vc_row equal_height=&#8220;yes&#8220; content_placement=&#8220;middle&#8220; type=&#8220;vc_default&#8220; css=&#8220;.vc_custom_1680274200785{margin-right: 0px !important;margin-left: 0px !important;padding-top: 20px !important;padding-right: 5px !important;padding-bottom:&hellip;<\/p>\n","protected":false},"author":1,"featured_media":0,"parent":0,"menu_order":0,"comment_status":"closed","ping_status":"closed","template":"","meta":{"footnotes":""},"class_list":["post-8614","page","type-page","status-publish","hentry","description-off"],"_links":{"self":[{"href":"https:\/\/srebrolex.pl\/de\/wp-json\/wp\/v2\/pages\/8614","targetHints":{"allow":["GET"]}}],"collection":[{"href":"https:\/\/srebrolex.pl\/de\/wp-json\/wp\/v2\/pages"}],"about":[{"href":"https:\/\/srebrolex.pl\/de\/wp-json\/wp\/v2\/types\/page"}],"author":[{"embeddable":true,"href":"https:\/\/srebrolex.pl\/de\/wp-json\/wp\/v2\/users\/1"}],"replies":[{"embeddable":true,"href":"https:\/\/srebrolex.pl\/de\/wp-json\/wp\/v2\/comments?post=8614"}],"version-history":[{"count":5,"href":"https:\/\/srebrolex.pl\/de\/wp-json\/wp\/v2\/pages\/8614\/revisions"}],"predecessor-version":[{"id":11335,"href":"https:\/\/srebrolex.pl\/de\/wp-json\/wp\/v2\/pages\/8614\/revisions\/11335"}],"wp:attachment":[{"href":"https:\/\/srebrolex.pl\/de\/wp-json\/wp\/v2\/media?parent=8614"}],"curies":[{"name":"wp","href":"https:\/\/api.w.org\/{rel}","templated":true}]}}