{"id":1859,"date":"2019-03-08T21:30:13","date_gmt":"2019-03-08T21:30:13","guid":{"rendered":"http:\/\/srebrolex.pl\/?page_id=1859"},"modified":"2025-04-03T09:15:02","modified_gmt":"2025-04-03T09:15:02","slug":"about-us","status":"publish","type":"page","link":"https:\/\/srebrolex.pl\/en\/about-us\/","title":{"rendered":"About us"},"content":{"rendered":"<div class=\"wpb-content-wrapper\"><p>[vc_row][vc_column][vc_column_text]<\/p>\n<p>[\/vc_column_text][\/vc_column][\/vc_row][vc_row equal_height=&#8221;yes&#8221; content_placement=&#8221;middle&#8221; bg_type=&#8221;bg_color&#8221; bg_override=&#8221;ex-full&#8221; type=&#8221;vc_default&#8221; css=&#8221;.vc_custom_1550090724087{padding-top: 30px !important;padding-right: 5px !important;padding-bottom: 10px !important;padding-left: 5px !important;}&#8221; el_class=&#8221;custom_services&#8221;][vc_column css=&#8221;.vc_custom_1548960303003{padding-right: 10px !important;padding-left: 10px !important;}&#8221;][vc_column_text css=&#8221;.vc_custom_1552080717442{padding-right: 0px !important;padding-bottom: 0px !important;padding-left: 0px !important;}&#8221;]<\/p>\n<h2 style=\"text-align: center;\">Manufacturer of silver jewellery<\/h2>\n<p>[\/vc_column_text][\/vc_column][\/vc_row][vc_row equal_height=&#8221;yes&#8221; content_placement=&#8221;middle&#8221; bg_type=&#8221;bg_color&#8221; bg_override=&#8221;ex-full&#8221; type=&#8221;vc_default&#8221; css=&#8221;.vc_custom_1695642461785{padding-top: 10px !important;padding-right: 10px !important;padding-bottom: 40px !important;padding-left: 10px !important;}&#8221; el_class=&#8221;custom_services&#8221;][vc_column width=&#8221;1\/2&#8243; css=&#8221;.vc_custom_1548960303003{padding-right: 10px !important;padding-left: 10px !important;}&#8221;][vc_column_text]<\/p>\n<p style=\"text-align: left;\">Srebrolex is a company with many years of experience as silver jewellery designer, manufacturer and distributor.<\/p>\n<p style=\"text-align: left;\">Our offer includes countless designs of rings, earrings, pendants, necklaces, bracelets and chains.<br \/>\nWe create original designs following the latest trends.<\/p>\n<p style=\"text-align: left;\">We assure the high quality of our silver jewellery using meticulous visual check and spectral inspection.<br \/>\nOur high flexibility and outstanding skills make us the right choice for any customer needs.<\/p>\n<p>[\/vc_column_text][\/vc_column][vc_column width=&#8221;1\/2&#8243; css=&#8221;.vc_custom_1548960478914{padding-right: 5px !important;padding-left: 5px !important;}&#8221;]<style type=\"text\/css\" data-type=\"the7_shortcodes-inline-css\">.gallery-shortcode.gallery-masonry-shortcode-id-f015c2912362935eb8c1f537f4efa695 figure,\n.gallery-shortcode.gallery-masonry-shortcode-id-f015c2912362935eb8c1f537f4efa695 .rollover,\n.gallery-shortcode.gallery-masonry-shortcode-id-f015c2912362935eb8c1f537f4efa695 img,\n.gallery-shortcode.gallery-masonry-shortcode-id-f015c2912362935eb8c1f537f4efa695 .gallery-rollover {\n  border-radius: 0px;\n}\n.gallery-shortcode.gallery-masonry-shortcode-id-f015c2912362935eb8c1f537f4efa695.enable-bg-rollover .gallery-rollover {\n  background: -webkit-linear-gradient();\n  background: linear-gradient();\n}\n.gallery-shortcode.gallery-masonry-shortcode-id-f015c2912362935eb8c1f537f4efa695.enable-bg-rollover.hover-scale figure .rollover:after {\n  background: -webkit-linear-gradient();\n  background: linear-gradient();\n}\n.gallery-shortcode.gallery-masonry-shortcode-id-f015c2912362935eb8c1f537f4efa695 .gallery-zoom-ico {\n  width: 44px;\n  height: 44px;\n  line-height: 44px;\n  border-radius: 100px;\n  margin: -22px 0 0 -22px;\n  border-width: 0px;\n  color: #ffffff;\n}\n.dt-icon-bg-on.gallery-shortcode.gallery-masonry-shortcode-id-f015c2912362935eb8c1f537f4efa695 .gallery-zoom-ico {\n  background: rgba(255,255,255,0.3);\n  box-shadow: none;\n}\n.gallery-shortcode.gallery-masonry-shortcode-id-f015c2912362935eb8c1f537f4efa695 .gallery-zoom-ico:before,\n.gallery-shortcode.gallery-masonry-shortcode-id-f015c2912362935eb8c1f537f4efa695 .gallery-zoom-ico span {\n  font-size: 32px;\n  line-height: 44px;\n  color: #ffffff;\n}\n.gallery-shortcode.gallery-masonry-shortcode-id-f015c2912362935eb8c1f537f4efa695:not(.resize-by-browser-width) .dt-css-grid {\n  grid-row-gap: 10px;\n  grid-column-gap: 10px;\n  grid-template-columns: repeat(auto-fill,minmax(,1fr));\n}\n.gallery-shortcode.gallery-masonry-shortcode-id-f015c2912362935eb8c1f537f4efa695:not(.resize-by-browser-width) .dt-css-grid .double-width {\n  grid-column: span 2;\n}\n.cssgridlegacy.no-cssgrid .gallery-shortcode.gallery-masonry-shortcode-id-f015c2912362935eb8c1f537f4efa695:not(.resize-by-browser-width) .dt-css-grid,\n.no-cssgridlegacy.no-cssgrid .gallery-shortcode.gallery-masonry-shortcode-id-f015c2912362935eb8c1f537f4efa695:not(.resize-by-browser-width) .dt-css-grid {\n  display: flex;\n  flex-flow: row wrap;\n  margin: -5px;\n}\n.cssgridlegacy.no-cssgrid .gallery-shortcode.gallery-masonry-shortcode-id-f015c2912362935eb8c1f537f4efa695:not(.resize-by-browser-width) .dt-css-grid .wf-cell,\n.no-cssgridlegacy.no-cssgrid .gallery-shortcode.gallery-masonry-shortcode-id-f015c2912362935eb8c1f537f4efa695:not(.resize-by-browser-width) .dt-css-grid .wf-cell {\n  flex: 1 0 ;\n  max-width: 100%;\n  padding: 5px;\n  box-sizing: border-box;\n}\n.gallery-shortcode.gallery-masonry-shortcode-id-f015c2912362935eb8c1f537f4efa695.resize-by-browser-width .dt-css-grid {\n  grid-template-columns: repeat(2,1fr);\n  grid-template-rows: auto;\n  grid-column-gap: 10px;\n  grid-row-gap: 10px;\n}\n.gallery-shortcode.gallery-masonry-shortcode-id-f015c2912362935eb8c1f537f4efa695.resize-by-browser-width .dt-css-grid .double-width {\n  grid-column: span 2;\n}\n.cssgridlegacy.no-cssgrid .gallery-shortcode.gallery-masonry-shortcode-id-f015c2912362935eb8c1f537f4efa695.resize-by-browser-width .dt-css-grid {\n  margin: -5px;\n}\n.cssgridlegacy.no-cssgrid .gallery-shortcode.gallery-masonry-shortcode-id-f015c2912362935eb8c1f537f4efa695.resize-by-browser-width .dt-css-grid .wf-cell {\n  width: 50%;\n  padding: 5px;\n}\n.cssgridlegacy.no-cssgrid .gallery-shortcode.gallery-masonry-shortcode-id-f015c2912362935eb8c1f537f4efa695.resize-by-browser-width .dt-css-grid .wf-cell.double-width {\n  width: calc(50%) * 2;\n}\n.gallery-shortcode.gallery-masonry-shortcode-id-f015c2912362935eb8c1f537f4efa695.resize-by-browser-width:not(.centered-layout-list):not(.content-bg-on) .dt-css-grid {\n  grid-row-gap: 10px - ;\n}\n@media screen and (max-width: 1199px) {\n  .gallery-shortcode.gallery-masonry-shortcode-id-f015c2912362935eb8c1f537f4efa695.resize-by-browser-width .dt-css-grid {\n    grid-template-columns: repeat(2,1fr);\n  }\n  .cssgridlegacy.no-cssgrid .gallery-shortcode.gallery-masonry-shortcode-id-f015c2912362935eb8c1f537f4efa695.resize-by-browser-width .dt-css-grid .wf-cell,\n  .no-cssgridlegacy.no-cssgrid .gallery-shortcode.gallery-masonry-shortcode-id-f015c2912362935eb8c1f537f4efa695.resize-by-browser-width .dt-css-grid .wf-cell {\n    width: 50%;\n  }\n  .cssgridlegacy.no-cssgrid .gallery-shortcode.gallery-masonry-shortcode-id-f015c2912362935eb8c1f537f4efa695.resize-by-browser-width .dt-css-grid .wf-cell.double-width,\n  .no-cssgridlegacy.no-cssgrid .gallery-shortcode.gallery-masonry-shortcode-id-f015c2912362935eb8c1f537f4efa695.resize-by-browser-width .dt-css-grid .wf-cell.double-width {\n    width: calc(50%)*2;\n  }\n}\n@media screen and (max-width: 991px) {\n  .gallery-shortcode.gallery-masonry-shortcode-id-f015c2912362935eb8c1f537f4efa695.resize-by-browser-width .dt-css-grid {\n    grid-template-columns: repeat(2,1fr);\n  }\n  .cssgridlegacy.no-cssgrid .gallery-shortcode.gallery-masonry-shortcode-id-f015c2912362935eb8c1f537f4efa695.resize-by-browser-width .dt-css-grid .wf-cell,\n  .no-cssgridlegacy.no-cssgrid .gallery-shortcode.gallery-masonry-shortcode-id-f015c2912362935eb8c1f537f4efa695.resize-by-browser-width .dt-css-grid .wf-cell {\n    width: 50%;\n  }\n  .cssgridlegacy.no-cssgrid .gallery-shortcode.gallery-masonry-shortcode-id-f015c2912362935eb8c1f537f4efa695.resize-by-browser-width .dt-css-grid .wf-cell.double-width,\n  .no-cssgridlegacy.no-cssgrid .gallery-shortcode.gallery-masonry-shortcode-id-f015c2912362935eb8c1f537f4efa695.resize-by-browser-width .dt-css-grid .wf-cell.double-width {\n    width: calc(50%)*2;\n  }\n}\n@media screen and (max-width: 767px) {\n  .gallery-shortcode.gallery-masonry-shortcode-id-f015c2912362935eb8c1f537f4efa695.resize-by-browser-width .dt-css-grid {\n    grid-template-columns: repeat(2,1fr);\n  }\n  .cssgridlegacy.no-cssgrid .gallery-shortcode.gallery-masonry-shortcode-id-f015c2912362935eb8c1f537f4efa695.resize-by-browser-width .dt-css-grid .wf-cell,\n  .no-cssgridlegacy.no-cssgrid .gallery-shortcode.gallery-masonry-shortcode-id-f015c2912362935eb8c1f537f4efa695.resize-by-browser-width .dt-css-grid .wf-cell {\n    width: 50%;\n  }\n  .cssgridlegacy.no-cssgrid .gallery-shortcode.gallery-masonry-shortcode-id-f015c2912362935eb8c1f537f4efa695.resize-by-browser-width .dt-css-grid .wf-cell.double-width,\n  .no-cssgridlegacy.no-cssgrid .gallery-shortcode.gallery-masonry-shortcode-id-f015c2912362935eb8c1f537f4efa695.resize-by-browser-width .dt-css-grid .wf-cell.double-width {\n    width: calc(50%)*2;\n  }\n}\n<\/style><div class=\"gallery-shortcode dt-gallery-container gallery-masonry-shortcode-id-f015c2912362935eb8c1f537f4efa695 mode-grid jquery-filter dt-icon-bg-off quick-scale-img dt-css-grid-wrap enable-bg-rollover resize-by-browser-width  hover-fade loading-effect-none description-on-hover\" data-padding=\"5px\" data-cur-page=\"1\" data-post-limit=\"-1\" data-pagination-mode=\"none\" data-desktop-columns-num=\"2\" data-v-tablet-columns-num=\"2\" data-h-tablet-columns-num=\"2\" data-phone-columns-num=\"2\" data-width=\"0px\" data-columns=\"0\"><div class=\"dt-css-grid\" ><div class=\"wf-cell\" data-post-id=\"8714\" data-date=\"2023-09-11T08:46:16+00:00\" data-name=\"IMG_5089-Pano-192bb-192c\"><figure class=\"post visible\"><a href=\"https:\/\/srebrolex.pl\/wp-content\/uploads\/2023\/09\/IMG_5089-Pano-192bb-192c.jpg\" class=\"rollover dt-pswp-item layzr-bg\" data-large_image_width=\"1920\" data-large_image_height=\"898\" data-dt-img-description=\"\" title=\"IMG_5089-Pano-192bb-192c\"><img fetchpriority=\"high\" decoding=\"async\" class=\"preload-me iso-lazy-load aspect\" src=\"data:image\/svg+xml,%3Csvg%20xmlns%3D&#39;http%3A%2F%2Fwww.w3.org%2F2000%2Fsvg&#39;%20viewBox%3D&#39;0%200%20490%20336&#39;%2F%3E\" data-src=\"https:\/\/srebrolex.pl\/wp-content\/uploads\/2023\/09\/IMG_5089-Pano-192bb-192c-490x336.jpg\" data-srcset=\"https:\/\/srebrolex.pl\/wp-content\/uploads\/2023\/09\/IMG_5089-Pano-192bb-192c-490x336.jpg 490w, https:\/\/srebrolex.pl\/wp-content\/uploads\/2023\/09\/IMG_5089-Pano-192bb-192c-735x504.jpg 735w\" loading=\"eager\" style=\"--ratio: 490 \/ 336\" sizes=\"(max-width: 490px) 100vw, 490px\" alt=\"\" width=\"490\" height=\"336\"  \/><span class=\"gallery-rollover\"><span class=\"gallery-zoom-ico icomoon-the7-font-the7-zoom-06\"><span><\/span><\/span><\/span><\/a><\/figure><\/div><div class=\"wf-cell\" data-post-id=\"8695\" data-date=\"2023-09-11T08:16:25+00:00\" data-name=\"IMG_5042-192b\"><figure class=\"post visible\"><a href=\"https:\/\/srebrolex.pl\/wp-content\/uploads\/2023\/09\/IMG_5042-192b.jpg\" class=\"rollover dt-pswp-item layzr-bg\" data-large_image_width=\"1920\" data-large_image_height=\"1281\" data-dt-img-description=\"\" title=\"IMG_5042-192b\"><img decoding=\"async\" class=\"preload-me iso-lazy-load aspect\" src=\"data:image\/svg+xml,%3Csvg%20xmlns%3D&#39;http%3A%2F%2Fwww.w3.org%2F2000%2Fsvg&#39;%20viewBox%3D&#39;0%200%20490%20336&#39;%2F%3E\" data-src=\"https:\/\/srebrolex.pl\/wp-content\/uploads\/2023\/09\/IMG_5042-192b-490x336.jpg\" data-srcset=\"https:\/\/srebrolex.pl\/wp-content\/uploads\/2023\/09\/IMG_5042-192b-490x336.jpg 490w, https:\/\/srebrolex.pl\/wp-content\/uploads\/2023\/09\/IMG_5042-192b-735x504.jpg 735w\" loading=\"eager\" style=\"--ratio: 490 \/ 336\" sizes=\"(max-width: 490px) 100vw, 490px\" alt=\"\" width=\"490\" height=\"336\"  \/><span class=\"gallery-rollover\"><span class=\"gallery-zoom-ico icomoon-the7-font-the7-zoom-06\"><span><\/span><\/span><\/span><\/a><\/figure><\/div><div class=\"wf-cell\" data-post-id=\"8680\" data-date=\"2023-09-11T08:16:05+00:00\" data-name=\"IMG_4578-192b\"><figure class=\"post visible\"><a href=\"https:\/\/srebrolex.pl\/wp-content\/uploads\/2023\/09\/IMG_4578-192b.jpg\" class=\"rollover dt-pswp-item layzr-bg\" data-large_image_width=\"1920\" data-large_image_height=\"1339\" data-dt-img-description=\"\" title=\"IMG_4578-192b\"><img decoding=\"async\" class=\"preload-me iso-lazy-load aspect\" src=\"data:image\/svg+xml,%3Csvg%20xmlns%3D&#39;http%3A%2F%2Fwww.w3.org%2F2000%2Fsvg&#39;%20viewBox%3D&#39;0%200%20490%20336&#39;%2F%3E\" data-src=\"https:\/\/srebrolex.pl\/wp-content\/uploads\/2023\/09\/IMG_4578-192b-490x336.jpg\" data-srcset=\"https:\/\/srebrolex.pl\/wp-content\/uploads\/2023\/09\/IMG_4578-192b-490x336.jpg 490w, https:\/\/srebrolex.pl\/wp-content\/uploads\/2023\/09\/IMG_4578-192b-735x504.jpg 735w\" loading=\"eager\" style=\"--ratio: 490 \/ 336\" sizes=\"(max-width: 490px) 100vw, 490px\" alt=\"\" width=\"490\" height=\"336\"  \/><span class=\"gallery-rollover\"><span class=\"gallery-zoom-ico icomoon-the7-font-the7-zoom-06\"><span><\/span><\/span><\/span><\/a><\/figure><\/div><div class=\"wf-cell\" data-post-id=\"16630\" data-date=\"2025-03-27T12:13:07+00:00\" data-name=\"BANER5\"><figure class=\"post visible\"><a href=\"https:\/\/srebrolex.pl\/wp-content\/uploads\/2025\/03\/BANER5-scaled.jpg\" class=\"rollover dt-pswp-item layzr-bg\" data-large_image_width=\"2560\" data-large_image_height=\"1660\" data-dt-img-description=\"\" title=\"BANER5\"><img decoding=\"async\" class=\"preload-me iso-lazy-load aspect\" src=\"data:image\/svg+xml,%3Csvg%20xmlns%3D&#39;http%3A%2F%2Fwww.w3.org%2F2000%2Fsvg&#39;%20viewBox%3D&#39;0%200%20490%20336&#39;%2F%3E\" data-src=\"https:\/\/srebrolex.pl\/wp-content\/uploads\/2025\/03\/BANER5-scaled-490x336.jpg\" data-srcset=\"https:\/\/srebrolex.pl\/wp-content\/uploads\/2025\/03\/BANER5-scaled-490x336.jpg 490w, https:\/\/srebrolex.pl\/wp-content\/uploads\/2025\/03\/BANER5-scaled-735x504.jpg 735w\" loading=\"eager\" style=\"--ratio: 490 \/ 336\" sizes=\"(max-width: 490px) 100vw, 490px\" alt=\"kolczyki, bi\u017cuteria srebrna pr. 925, poz\u0142aczne kolczyki, mode wzory bi\u017cuterii, kolczyki ko\u0142a, kolczyki poz\u0142acane, kolczyki z onyxem, kolczyki na sztyfcie, kolczuki krople, kolczyki na angielskim zapieciu, naszyjniki, celebrytki, bransoletki srebrne, \u0142a\u0144cuszki, pier\u015bcionki z cyrkoniami, pier\u015bcionki zar\u0119czynowe, kolczyki ko\u0142a, kolczyki modne, pi\u0119kne wzory bi\u017cuterii, bi\u017cuteria na prezent, komplety bizuterii\" width=\"490\" height=\"336\"  \/><span class=\"gallery-rollover\"><span class=\"gallery-zoom-ico icomoon-the7-font-the7-zoom-06\"><span><\/span><\/span><\/span><\/a><\/figure><\/div><\/div><!-- iso-container|iso-grid --><\/div>[\/vc_column][\/vc_row][vc_row full_width=&#8221;stretch_row&#8221; css=&#8221;.vc_custom_1550088821257{margin-top: 0px !important;margin-bottom: 0px !important;padding-top: 0px !important;padding-bottom: 0px !important;background-color: #bcbcbc !important;background-position: center !important;background-repeat: no-repeat !important;background-size: cover !important;}&#8221;][vc_column][vc_empty_space height=&#8221;22px&#8221;][vc_column_text el_class=&#8221;whitetekst&#8221;]<\/p>\n<h2 style=\"text-align: center;\">Wholesale cooperation<\/h2>\n<p>[\/vc_column_text][vc_column_text css=&#8221;.vc_custom_1552113813246{padding-top: 5px !important;padding-bottom: 20px !important;}&#8221; el_class=&#8221;whitetekst&#8221;]<\/p>\n<h3 style=\"text-align: center;\">We are interested in cooperating with silver jewellery wholesalers and individual distributors with their own network. We offer favourable conditions for cooperation and attractive pricing.<\/h3>\n<p>[\/vc_column_text][vc_row_inner][vc_column_inner width=&#8221;1\/4&#8243;][\/vc_column_inner][vc_column_inner width=&#8221;1\/4&#8243;]<style type=\"text\/css\" data-type=\"the7_shortcodes-inline-css\">#default-btn-99932fa2add87739f092f0dcf748c1d1.ico-right-side > i {\n  margin-right: 0px;\n  margin-left: 8px;\n}\n#default-btn-99932fa2add87739f092f0dcf748c1d1 > i {\n  margin-right: 8px;\n}\n<\/style><div class=\"btn-align-center\"><a href=\"\/en\/contact\/\" class=\"default-btn-shortcode dt-btn dt-btn-s link-hover-off  vc_custom_1695642413801\" id=\"default-btn-99932fa2add87739f092f0dcf748c1d1\"><span>Contact us<\/span><\/a><\/div>[\/vc_column_inner][vc_column_inner width=&#8221;1\/4&#8243;]<style type=\"text\/css\" data-type=\"the7_shortcodes-inline-css\">#default-btn-e8d8e5c47a9e269d2824b7a28a571732.ico-right-side > i {\n  margin-right: 0px;\n  margin-left: 8px;\n}\n#default-btn-e8d8e5c47a9e269d2824b7a28a571732 > i {\n  margin-right: 8px;\n}\n<\/style><div class=\"btn-align-center\"><a href=\"\/en\/access-regulations-for-wholesale-customers\/\" class=\"default-btn-shortcode dt-btn dt-btn-s link-hover-off  vc_custom_1695642534072\" id=\"default-btn-e8d8e5c47a9e269d2824b7a28a571732\"><span>Get access to the product database<\/span><\/a><\/div>[\/vc_column_inner][vc_column_inner width=&#8221;1\/4&#8243;][\/vc_column_inner][\/vc_row_inner][vc_empty_space height=&#8221;33px&#8221;][\/vc_column][\/vc_row][vc_row content_placement=&#8221;top&#8221; css=&#8221;.vc_custom_1550090131999{padding-top: 40px !important;padding-bottom: 40px !important;}&#8221;][vc_column css=&#8221;.vc_custom_1548957860628{padding-right: 0px !important;padding-left: 0px !important;}&#8221;]<div id=\"ult-carousel-427845668369ef884fbdf15\" class=\"ult-carousel-wrapper   ult_horizontal\" data-gutter=\"15\" data-rtl=\"false\" ><div class=\"ult-carousel-408245343869ef884fbdbfd \" >[vc_row_inner][vc_column_inner][vc_single_image image=&#8221;1648&#8243; img_size=&#8221;85&#215;85&#8243; alignment=&#8221;center&#8221; css_animation=&#8221;fadeIn&#8221; css=&#8221;.vc_custom_1550089832474{padding-top: 10px !important;padding-bottom: 10px !important;}&#8221;][vc_column_text css=&#8221;.vc_custom_1552113852487{padding-top: 0px !important;padding-bottom: 0px !important;}&#8221;]<\/p>\n<p style=\"text-align: center;\"><strong>ORIGINAL DESIGNS<\/strong><\/p>\n<p>[\/vc_column_text][vc_column_text css=&#8221;.vc_custom_1552113867790{padding-top: 10px !important;padding-bottom: 10px !important;}&#8221;]<\/p>\n<p style=\"text-align: center;\">Our designs for the beautiful silver jewellery are up-to-date with the trends.<\/p>\n<p>[\/vc_column_text][\/vc_column_inner][\/vc_row_inner][vc_row_inner][vc_column_inner][vc_single_image image=&#8221;1649&#8243; img_size=&#8221;85&#215;85&#8243; alignment=&#8221;center&#8221; css_animation=&#8221;fadeIn&#8221; css=&#8221;.vc_custom_1550089846363{padding-top: 10px !important;padding-bottom: 10px !important;}&#8221;][vc_column_text css=&#8221;.vc_custom_1552113883454{padding-top: 0px !important;padding-bottom: 0px !important;}&#8221;]<\/p>\n<p style=\"text-align: center;\"><strong>FAST COMPLETION OF ORDERS<\/strong><\/p>\n<p>[\/vc_column_text][vc_column_text css=&#8221;.vc_custom_1552113897869{padding-top: 10px !important;padding-bottom: 10px !important;}&#8221;]<\/p>\n<p style=\"text-align: center;\">Thousands of products readily available in stock. Completing individual orders in about 6\u00a0weeks.<\/p>\n<p>[\/vc_column_text][\/vc_column_inner][\/vc_row_inner][vc_row_inner][vc_column_inner][vc_single_image image=&#8221;1268&#8243; img_size=&#8221;85&#215;85&#8243; alignment=&#8221;center&#8221; css_animation=&#8221;fadeIn&#8221; css=&#8221;.vc_custom_1550089862865{padding-top: 10px !important;padding-bottom: 10px !important;}&#8221;][vc_column_text css=&#8221;.vc_custom_1552113917446{padding-top: 0px !important;padding-bottom: 0px !important;}&#8221;]<\/p>\n<p style=\"text-align: center;\"><strong>HIGH QUALITY<br \/>\n<\/strong><\/p>\n<p>[\/vc_column_text][vc_column_text css=&#8221;.vc_custom_1552113943677{padding-top: 10px !important;padding-bottom: 10px !important;}&#8221;]<\/p>\n<p style=\"text-align: center;\">Our jewellery pieces comply with REACH requirements regulating the content of harmful substances such as nickel, lead or cadmium.<\/p>\n<p>[\/vc_column_text][\/vc_column_inner][\/vc_row_inner][vc_row_inner][vc_column_inner][vc_single_image image=&#8221;1650&#8243; img_size=&#8221;85&#215;85&#8243; alignment=&#8221;center&#8221; css_animation=&#8221;fadeIn&#8221; css=&#8221;.vc_custom_1550090028171{padding-top: 10px !important;padding-bottom: 10px !important;}&#8221;][vc_column_text css=&#8221;.vc_custom_1552113957429{padding-top: 0px !important;padding-bottom: 0px !important;}&#8221;]<\/p>\n<p style=\"text-align: center;\"><strong>ATTRACTIVE PRICING<\/strong><\/p>\n<p>[\/vc_column_text][vc_column_text css=&#8221;.vc_custom_1552113975646{padding-top: 10px !important;padding-bottom: 10px !important;}&#8221;]<\/p>\n<p style=\"text-align: center;\">Selling in bulk, we can offer good prices to our wholesalers.<\/p>\n<p>[\/vc_column_text][\/vc_column_inner][\/vc_row_inner][vc_row_inner][vc_column_inner][vc_single_image image=&#8221;1651&#8243; img_size=&#8221;85&#215;85&#8243; alignment=&#8221;center&#8221; css_animation=&#8221;fadeIn&#8221; css=&#8221;.vc_custom_1550090042977{padding-top: 10px !important;padding-bottom: 10px !important;}&#8221;][vc_column_text css=&#8221;.vc_custom_1552113990750{padding-top: 0px !important;padding-bottom: 0px !important;}&#8221;]<\/p>\n<p style=\"text-align: center;\"><strong>EXPERIENCE<\/strong><\/p>\n<p>[\/vc_column_text][vc_column_text css=&#8221;.vc_custom_1552114003174{padding-top: 10px !important;padding-bottom: 10px !important;}&#8221;]<\/p>\n<p style=\"text-align: center;\">Many years of market presence and continuous strive to improve our quality are what lets us deliver exquisite jewellery to our customers.<\/p>\n<p>[\/vc_column_text][\/vc_column_inner][\/vc_row_inner][vc_row_inner][vc_column_inner][vc_single_image image=&#8221;1267&#8243; img_size=&#8221;85&#215;85&#8243; alignment=&#8221;center&#8221; css_animation=&#8221;fadeIn&#8221; css=&#8221;.vc_custom_1550090064520{padding-top: 10px !important;padding-bottom: 10px !important;}&#8221;][vc_column_text css=&#8221;.vc_custom_1552114016182{padding-top: 0px !important;padding-bottom: 0px !important;}&#8221;]<\/p>\n<p style=\"text-align: center;\"><strong>INNOVATION<\/strong><\/p>\n<p>[\/vc_column_text][vc_column_text css=&#8221;.vc_custom_1552114029606{padding-top: 10px !important;padding-bottom: 10px !important;}&#8221;]<\/p>\n<p style=\"text-align: center;\">We release new jewellery designs with an insight of the trends, delivering products that audience is bound to love.<\/p>\n<p>[\/vc_column_text][\/vc_column_inner][\/vc_row_inner]<\/div><\/div>\t\t\t<script type=\"text\/javascript\">\n\t\t\t\tjQuery(document).ready(function ($) {\n\t\t\t\t\tif( typeof jQuery('.ult-carousel-408245343869ef884fbdbfd').slick == \"function\"){\n\t\t\t\t\t\t$('.ult-carousel-408245343869ef884fbdbfd').slick({dots: true,autoplay: true,autoplaySpeed: \"5000\",speed: \"300\",infinite: true,arrows: true,nextArrow: '<button type=\"button\" role=\"button\" aria-label=\"Next\" style=\"color:#333333; font-size:20px;\" class=\"slick-next default\"><i class=\"ultsl-arrow-right4\"><\/i><\/button>',prevArrow: '<button type=\"button\" role=\"button\" aria-label=\"Previous\" style=\"color:#333333; font-size:20px;\" class=\"slick-prev default\"><i class=\"ultsl-arrow-left4\"><\/i><\/button>',slidesToScroll:3,slidesToShow:3,swipe: true,draggable: true,touchMove: true,pauseOnHover: true,pauseOnFocus: false,responsive: [\n\t\t\t\t\t\t\t{\n\t\t\t\t\t\t\t  breakpoint: 1026,\n\t\t\t\t\t\t\t  settings: {\n\t\t\t\t\t\t\t\tslidesToShow: 3,\n\t\t\t\t\t\t\t\tslidesToScroll: 3,  \n\t\t\t\t\t\t\t  }\n\t\t\t\t\t\t\t},\n\t\t\t\t\t\t\t{\n\t\t\t\t\t\t\t  breakpoint: 1025,\n\t\t\t\t\t\t\t  settings: {\n\t\t\t\t\t\t\t\tslidesToShow: 3,\n\t\t\t\t\t\t\t\tslidesToScroll: 3\n\t\t\t\t\t\t\t  }\n\t\t\t\t\t\t\t},\n\t\t\t\t\t\t\t{\n\t\t\t\t\t\t\t  breakpoint: 760,\n\t\t\t\t\t\t\t  settings: {\n\t\t\t\t\t\t\t\tslidesToShow: 1,\n\t\t\t\t\t\t\t\tslidesToScroll: 1\n\t\t\t\t\t\t\t  }\n\t\t\t\t\t\t\t}\n\t\t\t\t\t\t],pauseOnDotsHover: true,customPaging: function(slider, i) {\n                   return '<i type=\"button\" style= \"color:#333333;\" class=\"ultsl-record\" data-role=\"none\"><\/i>';\n                },});\n\t\t\t\t\t}\n\t\t\t\t});\n\t\t\t<\/script>\n\t\t\t[\/vc_column][\/vc_row]<\/p>\n<\/div>","protected":false},"excerpt":{"rendered":"<p>[vc_row][vc_column][vc_column_text] [\/vc_column_text][\/vc_column][\/vc_row][vc_row equal_height=&#8221;yes&#8221; content_placement=&#8221;middle&#8221; bg_type=&#8221;bg_color&#8221; bg_override=&#8221;ex-full&#8221; type=&#8221;vc_default&#8221; css=&#8221;.vc_custom_1550090724087{padding-top: 30px !important;padding-right: 5px !important;padding-bottom: 10px !important;padding-left: 5px !important;}&#8221; el_class=&#8221;custom_services&#8221;][vc_column css=&#8221;.vc_custom_1548960303003{padding-right: 10px !important;padding-left: 10px !important;}&#8221;][vc_column_text css=&#8221;.vc_custom_1552080717442{padding-right: 0px !important;padding-bottom: 0px !important;padding-left: 0px !important;}&#8221;] Manufacturer of silver jewellery [\/vc_column_text][\/vc_column][\/vc_row][vc_row equal_height=&#8221;yes&#8221; content_placement=&#8221;middle&#8221; bg_type=&#8221;bg_color&#8221; bg_override=&#8221;ex-full&#8221; type=&#8221;vc_default&#8221; css=&#8221;.vc_custom_1695642461785{padding-top: 10px !important;padding-right: 10px !important;padding-bottom: 40px !important;padding-left: 10px !important;}&#8221; el_class=&#8221;custom_services&#8221;][vc_column width=&#8221;1\/2&#8243; css=&#8221;.vc_custom_1548960303003{padding-right: 10px !important;padding-left: 10px !important;}&#8221;][vc_column_text]&hellip;<\/p>\n","protected":false},"author":1,"featured_media":0,"parent":0,"menu_order":0,"comment_status":"closed","ping_status":"closed","template":"","meta":{"footnotes":""},"class_list":["post-1859","page","type-page","status-publish","hentry","description-off"],"_links":{"self":[{"href":"https:\/\/srebrolex.pl\/en\/wp-json\/wp\/v2\/pages\/1859","targetHints":{"allow":["GET"]}}],"collection":[{"href":"https:\/\/srebrolex.pl\/en\/wp-json\/wp\/v2\/pages"}],"about":[{"href":"https:\/\/srebrolex.pl\/en\/wp-json\/wp\/v2\/types\/page"}],"author":[{"embeddable":true,"href":"https:\/\/srebrolex.pl\/en\/wp-json\/wp\/v2\/users\/1"}],"replies":[{"embeddable":true,"href":"https:\/\/srebrolex.pl\/en\/wp-json\/wp\/v2\/comments?post=1859"}],"version-history":[{"count":6,"href":"https:\/\/srebrolex.pl\/en\/wp-json\/wp\/v2\/pages\/1859\/revisions"}],"predecessor-version":[{"id":16726,"href":"https:\/\/srebrolex.pl\/en\/wp-json\/wp\/v2\/pages\/1859\/revisions\/16726"}],"wp:attachment":[{"href":"https:\/\/srebrolex.pl\/en\/wp-json\/wp\/v2\/media?parent=1859"}],"curies":[{"name":"wp","href":"https:\/\/api.w.org\/{rel}","templated":true}]}}